{"id":14857,"date":"2023-12-06T21:03:03","date_gmt":"2023-12-06T20:03:03","guid":{"rendered":"https:\/\/villagedefeves.fr\/?page_id=14857"},"modified":"2023-12-06T21:26:18","modified_gmt":"2023-12-06T20:26:18","slug":"consultation-publique-zaenr","status":"publish","type":"page","link":"https:\/\/villagedefeves.fr\/?page_id=14857","title":{"rendered":"Consultation publique ZAEnR"},"content":{"rendered":"\t\t<div data-elementor-type=\"wp-page\" data-elementor-id=\"14857\" class=\"elementor elementor-14857\">\n\t\t\t\t\t\t<section class=\"elementor-section elementor-top-section elementor-element elementor-element-3e8d969 elementor-section-boxed elementor-section-height-default elementor-section-height-default\" data-id=\"3e8d969\" data-element_type=\"section\" data-e-type=\"section\">\n\t\t\t\t\t\t<div class=\"elementor-container elementor-column-gap-default\">\n\t\t\t\t\t<div class=\"elementor-column elementor-col-100 elementor-top-column elementor-element elementor-element-ed06326\" data-id=\"ed06326\" data-element_type=\"column\" data-e-type=\"column\">\n\t\t\t<div class=\"elementor-widget-wrap elementor-element-populated\">\n\t\t\t\t\t\t<div class=\"elementor-element elementor-element-f5d4002 eael-infobox-content-align--center eael-infobox-icon-bg-shape-none eael-infobox-icon-hover-bg-shape-none elementor-widget elementor-widget-eael-info-box\" data-id=\"f5d4002\" data-element_type=\"widget\" data-e-type=\"widget\" data-widget_type=\"eael-info-box.default\">\n\t\t\t\t<div class=\"elementor-widget-container\">\n\t\t\t\t\t        <div class=\"eael-infobox icon-on-top\">\n\t            <div class=\"infobox-icon eael-icon-only\">\n\n            \n                            <div class=\"infobox-icon-wrap\">\n                    <i aria-hidden=\"true\" class=\"fas fa-info-circle\"><\/i>                <\/div>\n            \n            \n        <\/div>\n            <div class=\"infobox-content eael-icon-only\">\n        <div><p>Si le pdf ne s&rsquo;affiche pas, vous pouvez le t\u00e9l\u00e9charger en utilisant le bouton ci dessous.<\/p><\/div>        <\/div>\n            <\/div>\n\n\t\t\t\t\t\t<\/div>\n\t\t\t\t<\/div>\n\t\t\t\t<div class=\"elementor-element elementor-element-80499ff elementor-widget elementor-widget-button\" data-id=\"80499ff\" data-element_type=\"widget\" data-e-type=\"widget\" data-widget_type=\"button.default\">\n\t\t\t\t<div class=\"elementor-widget-container\">\n\t\t\t\t\t\t\t\t\t<div class=\"elementor-button-wrapper\">\n\t\t\t\t\t<a class=\"elementor-button elementor-button-link elementor-size-sm\" href=\"https:\/\/villagedefeves.fr\/wordpress\/wp-content\/uploads\/2023\/12\/Projet-de-cartographie-EnR-VF.pdf\" target=\"_blank\" rel=\"nofollow\">\n\t\t\t\t\t\t<span class=\"elementor-button-content-wrapper\">\n\t\t\t\t\t\t\t\t\t<span class=\"elementor-button-text\">T\u00e9l\u00e9charger<\/span>\n\t\t\t\t\t<\/span>\n\t\t\t\t\t<\/a>\n\t\t\t\t<\/div>\n\t\t\t\t\t\t\t\t<\/div>\n\t\t\t\t<\/div>\n\t\t\t\t\t<\/div>\n\t\t<\/div>\n\t\t\t\t\t<\/div>\n\t\t<\/section>\n\t\t\t\t<section class=\"elementor-section elementor-top-section elementor-element elementor-element-d0c2061 elementor-section-boxed elementor-section-height-default elementor-section-height-default\" data-id=\"d0c2061\" data-element_type=\"section\" data-e-type=\"section\">\n\t\t\t\t\t\t<div class=\"elementor-container elementor-column-gap-default\">\n\t\t\t\t\t<div class=\"elementor-column elementor-col-100 elementor-top-column elementor-element elementor-element-f97cbd8\" data-id=\"f97cbd8\" data-element_type=\"column\" data-e-type=\"column\">\n\t\t\t<div class=\"elementor-widget-wrap elementor-element-populated\">\n\t\t\t\t\t\t<div class=\"elementor-element elementor-element-9199c30 elementor-widget elementor-widget-pdf_viewer\" data-id=\"9199c30\" data-element_type=\"widget\" data-e-type=\"widget\" data-widget_type=\"pdf_viewer.default\">\n\t\t\t\t<div class=\"elementor-widget-container\">\n\t\t\t\t\t<iframe src=\"https:\/\/docs.google.com\/viewer?url=https:\/\/villagedefeves.fr\/wordpress\/wp-content\/uploads\/2023\/12\/Projet-de-cartographie-EnR-VF.pdf&amp;embedded=true\" style=\"display: block; margin-left: auto; margin-right: auto; width: 640px; height: 1020px;\" frameborder=\"1\" marginheight=\"0px\" marginwidth=\"0px\" allowfullscreen><\/iframe>\t\t\t\t<\/div>\n\t\t\t\t<\/div>\n\t\t\t\t\t<\/div>\n\t\t<\/div>\n\t\t\t\t\t<\/div>\n\t\t<\/section>\n\t\t\t\t<\/div>\n\t\t","protected":false},"excerpt":{"rendered":"<p>Si le pdf ne s&rsquo;affiche pas, vous pouvez le t\u00e9l\u00e9charger en utilisant le bouton ci dessous. T\u00e9l\u00e9charger<\/p>\n","protected":false},"author":1,"featured_media":0,"parent":0,"menu_order":0,"comment_status":"closed","ping_status":"closed","template":"","meta":{"footnotes":""},"class_list":["post-14857","page","type-page","status-publish"],"_links":{"self":[{"href":"https:\/\/villagedefeves.fr\/index.php?rest_route=\/wp\/v2\/pages\/14857","targetHints":{"allow":["GET"]}}],"collection":[{"href":"https:\/\/villagedefeves.fr\/index.php?rest_route=\/wp\/v2\/pages"}],"about":[{"href":"https:\/\/villagedefeves.fr\/index.php?rest_route=\/wp\/v2\/types\/page"}],"author":[{"embeddable":true,"href":"https:\/\/villagedefeves.fr\/index.php?rest_route=\/wp\/v2\/users\/1"}],"replies":[{"embeddable":true,"href":"https:\/\/villagedefeves.fr\/index.php?rest_route=%2Fwp%2Fv2%2Fcomments&post=14857"}],"version-history":[{"count":15,"href":"https:\/\/villagedefeves.fr\/index.php?rest_route=\/wp\/v2\/pages\/14857\/revisions"}],"predecessor-version":[{"id":14889,"href":"https:\/\/villagedefeves.fr\/index.php?rest_route=\/wp\/v2\/pages\/14857\/revisions\/14889"}],"wp:attachment":[{"href":"https:\/\/villagedefeves.fr\/index.php?rest_route=%2Fwp%2Fv2%2Fmedia&parent=14857"}],"curies":[{"name":"wp","href":"https:\/\/api.w.org\/{rel}","templated":true}]}}