{"id":13270,"date":"2020-07-17T15:18:33","date_gmt":"2020-07-17T13:18:33","guid":{"rendered":"https:\/\/villagedefeves.fr\/?page_id=13270"},"modified":"2020-11-03T11:53:10","modified_gmt":"2020-11-03T10:53:10","slug":"ecole-elementaire","status":"publish","type":"page","link":"https:\/\/villagedefeves.fr\/?page_id=13270","title":{"rendered":"Ecole El\u00e9mentaire"},"content":{"rendered":"\t\t<div data-elementor-type=\"wp-page\" data-elementor-id=\"13270\" class=\"elementor elementor-13270\">\n\t\t\t\t\t\t<section class=\"elementor-section elementor-top-section elementor-element elementor-element-b037c74 elementor-section-boxed elementor-section-height-default elementor-section-height-default\" data-id=\"b037c74\" data-element_type=\"section\" data-e-type=\"section\">\n\t\t\t\t\t\t<div class=\"elementor-container elementor-column-gap-default\">\n\t\t\t\t\t<div class=\"elementor-column elementor-col-100 elementor-top-column elementor-element elementor-element-4a0671d\" data-id=\"4a0671d\" data-element_type=\"column\" data-e-type=\"column\">\n\t\t\t<div class=\"elementor-widget-wrap elementor-element-populated\">\n\t\t\t\t\t\t<div class=\"elementor-element elementor-element-7b4e708 elementor-widget elementor-widget-text-editor\" data-id=\"7b4e708\" data-element_type=\"widget\" data-e-type=\"widget\" data-widget_type=\"text-editor.default\">\n\t\t\t\t<div class=\"elementor-widget-container\">\n\t\t\t\t\t\t\t\t\t<p>Vous pouvez retrouvez les informations de l&rsquo;\u00e9cole \u00e9l\u00e9mentaire sur le blog d\u00e9di\u00e9:<\/p><p><a href=\"https:\/\/ecolefeves.blogspot.com\/\" target=\"_blank\" rel=\"noopener\">Blog de l&rsquo;\u00e9cole \u00e9l\u00e9mentaire<\/a><\/p>\t\t\t\t\t\t\t\t<\/div>\n\t\t\t\t<\/div>\n\t\t\t\t\t<\/div>\n\t\t<\/div>\n\t\t\t\t\t<\/div>\n\t\t<\/section>\n\t\t\t\t<section class=\"elementor-section elementor-top-section elementor-element elementor-element-2da5bba elementor-section-boxed elementor-section-height-default elementor-section-height-default\" data-id=\"2da5bba\" data-element_type=\"section\" data-e-type=\"section\">\n\t\t\t\t\t\t<div class=\"elementor-container elementor-column-gap-default\">\n\t\t\t\t\t<div class=\"elementor-column elementor-col-100 elementor-top-column elementor-element elementor-element-022b60c\" data-id=\"022b60c\" data-element_type=\"column\" data-e-type=\"column\">\n\t\t\t<div class=\"elementor-widget-wrap elementor-element-populated\">\n\t\t\t\t\t\t<div class=\"elementor-element elementor-element-a0eee11 elementor-widget elementor-widget-heading\" data-id=\"a0eee11\" data-element_type=\"widget\" data-e-type=\"widget\" data-widget_type=\"heading.default\">\n\t\t\t\t<div class=\"elementor-widget-container\">\n\t\t\t\t\t<h2 class=\"elementor-heading-title elementor-size-default\">Documents<\/h2>\t\t\t\t<\/div>\n\t\t\t\t<\/div>\n\t\t\t\t<div class=\"elementor-element elementor-element-73611fa elementor-widget elementor-widget-button\" data-id=\"73611fa\" data-element_type=\"widget\" data-e-type=\"widget\" data-widget_type=\"button.default\">\n\t\t\t\t<div class=\"elementor-widget-container\">\n\t\t\t\t\t\t\t\t\t<div class=\"elementor-button-wrapper\">\n\t\t\t\t\t<a class=\"elementor-button elementor-button-link elementor-size-sm\" href=\"https:\/\/drive.google.com\/file\/d\/1zX29odcOeRzeZ3WaiZ4VZGlAp2KDRJLj\/view?usp=sharing\" target=\"_blank\">\n\t\t\t\t\t\t<span class=\"elementor-button-content-wrapper\">\n\t\t\t\t\t\t\t\t\t<span class=\"elementor-button-text\">NOTE DE RENTR\u00c9E 2020\/2021<\/span>\n\t\t\t\t\t<\/span>\n\t\t\t\t\t<\/a>\n\t\t\t\t<\/div>\n\t\t\t\t\t\t\t\t<\/div>\n\t\t\t\t<\/div>\n\t\t\t\t<div class=\"elementor-element elementor-element-091f0fb elementor-widget elementor-widget-button\" data-id=\"091f0fb\" data-element_type=\"widget\" data-e-type=\"widget\" data-widget_type=\"button.default\">\n\t\t\t\t<div class=\"elementor-widget-container\">\n\t\t\t\t\t\t\t\t\t<div class=\"elementor-button-wrapper\">\n\t\t\t\t\t<a class=\"elementor-button elementor-button-link elementor-size-sm\" href=\"https:\/\/drive.google.com\/file\/d\/1M2d47oWB1j0oZAzHflHivqPbKVlY1ZRJ\/view?usp=sharing\" target=\"_blank\">\n\t\t\t\t\t\t<span class=\"elementor-button-content-wrapper\">\n\t\t\t\t\t\t\t\t\t<span class=\"elementor-button-text\">FICHE DE RENSEIGNEMENTS INTERACTIVE<\/span>\n\t\t\t\t\t<\/span>\n\t\t\t\t\t<\/a>\n\t\t\t\t<\/div>\n\t\t\t\t\t\t\t\t<\/div>\n\t\t\t\t<\/div>\n\t\t\t\t<div class=\"elementor-element elementor-element-8477d1f elementor-widget elementor-widget-button\" data-id=\"8477d1f\" data-element_type=\"widget\" data-e-type=\"widget\" data-widget_type=\"button.default\">\n\t\t\t\t<div class=\"elementor-widget-container\">\n\t\t\t\t\t\t\t\t\t<div class=\"elementor-button-wrapper\">\n\t\t\t\t\t<a class=\"elementor-button elementor-button-link elementor-size-sm\" href=\"https:\/\/drive.google.com\/file\/d\/1d0eI2tfQSsqsndmvMPAljKk74WdsTwIa\/view?usp=sharing\" target=\"_blank\">\n\t\t\t\t\t\t<span class=\"elementor-button-content-wrapper\">\n\t\t\t\t\t\t\t\t\t<span class=\"elementor-button-text\">LIVRET D'INFORMATIONS SUR LES RECOMMANDATIONS SANITAIRES A L'ECOLE<\/span>\n\t\t\t\t\t<\/span>\n\t\t\t\t\t<\/a>\n\t\t\t\t<\/div>\n\t\t\t\t\t\t\t\t<\/div>\n\t\t\t\t<\/div>\n\t\t\t\t\t<\/div>\n\t\t<\/div>\n\t\t\t\t\t<\/div>\n\t\t<\/section>\n\t\t\t\t<section class=\"elementor-section elementor-top-section elementor-element elementor-element-f6eba38 elementor-section-boxed elementor-section-height-default elementor-section-height-default\" data-id=\"f6eba38\" data-element_type=\"section\" data-e-type=\"section\">\n\t\t\t\t\t\t<div class=\"elementor-container elementor-column-gap-default\">\n\t\t\t\t\t<div class=\"elementor-column elementor-col-100 elementor-top-column elementor-element elementor-element-6e21dc2\" data-id=\"6e21dc2\" data-element_type=\"column\" data-e-type=\"column\">\n\t\t\t<div class=\"elementor-widget-wrap elementor-element-populated\">\n\t\t\t\t\t\t<div class=\"elementor-element elementor-element-965e379 elementor-widget elementor-widget-spacer\" data-id=\"965e379\" data-element_type=\"widget\" data-e-type=\"widget\" data-widget_type=\"spacer.default\">\n\t\t\t\t<div class=\"elementor-widget-container\">\n\t\t\t\t\t\t\t<div class=\"elementor-spacer\">\n\t\t\t<div class=\"elementor-spacer-inner\"><\/div>\n\t\t<\/div>\n\t\t\t\t\t\t<\/div>\n\t\t\t\t<\/div>\n\t\t\t\t<div class=\"elementor-element elementor-element-4a3c8da elementor-widget elementor-widget-heading\" data-id=\"4a3c8da\" data-element_type=\"widget\" data-e-type=\"widget\" data-widget_type=\"heading.default\">\n\t\t\t\t<div class=\"elementor-widget-container\">\n\t\t\t\t\t<h2 class=\"elementor-heading-title elementor-size-default\">Derni\u00e8res actualit\u00e9s<\/h2>\t\t\t\t<\/div>\n\t\t\t\t<\/div>\n\t\t\t\t<div class=\"elementor-element elementor-element-f93917b elementor-grid-eael-col-4 elementor-grid-tablet-eael-col-2 elementor-grid-mobile-eael-col-1 elementor-widget elementor-widget-eael-post-grid\" data-id=\"f93917b\" data-element_type=\"widget\" data-e-type=\"widget\" data-settings=\"{&quot;eael_post_grid_columns&quot;:&quot;eael-col-4&quot;,&quot;eael_post_grid_columns_tablet&quot;:&quot;eael-col-2&quot;,&quot;eael_post_grid_columns_mobile&quot;:&quot;eael-col-1&quot;}\" data-widget_type=\"eael-post-grid.default\">\n\t\t\t\t<div class=\"elementor-widget-container\">\n\t\t\t\t\t<div id=\"eael-post-grid-f93917b\" class=\"eael-post-grid-container\">\n            <div class=\"eael-post-grid eael-post-appender eael-post-appender-f93917b eael-post-grid-style-one\" data-layout-mode=\"masonry\"><article class=\"eael-grid-post  eael-post-grid-column eael-pg-post-13519 category-cat_ecole_elem-cat_ecole_mat-cat_mairie-cat_peri\" data-id=\"13519\">\n        <div class=\"eael-grid-post-holder\">\n            <div class=\"eael-grid-post-holder-inner\"><div class=\"eael-entry-wrapper\"><header class=\"eael-entry-header\"><h2 class=\"eael-entry-title\"><a class=\"eael-grid-post-link\" href=\"https:\/\/villagedefeves.fr\/?p=13519\" title=\"Information journ\u00e9e portes ouvertes du 12 Septembre\">Information journ\u00e9e portes ouvertes du 12 Septembre<\/a><\/h2><\/header><div class=\"eael-entry-content\">\n                        <div class=\"eael-grid-post-excerpt\"><p>Vous allez recevoir cette semaine un tract sur la journ\u00e9e...<\/p><a href=\"https:\/\/villagedefeves.fr\/?p=13519\" class=\"eael-post-elements-readmore-btn\">Read More<\/a><\/div>\n                    <\/div><div class=\"eael-entry-footer\"><div class=\"eael-author-avatar\"><a href=\"https:\/\/villagedefeves.fr\/?author=8\"><img alt='Communication' src='https:\/\/secure.gravatar.com\/avatar\/5ca21adbc80ea0b2b0144b0e69b94c41?s=96&#038;d=mm&#038;r=g' srcset='https:\/\/secure.gravatar.com\/avatar\/5ca21adbc80ea0b2b0144b0e69b94c41?s=192&#038;d=mm&#038;r=g 2x' class='avatar avatar-96 photo' height='96' width='96' \/><\/a><\/div><div class=\"eael-entry-meta\"><span class=\"eael-posted-by\"><a href=\"https:\/\/villagedefeves.fr\/?author=8\" title=\"Posts by Communication\" rel=\"author\">Communication<\/a><\/span><span class=\"eael-posted-on\"><time datetime=\"06\/09\/2020\">06\/09\/2020<\/time><\/span><\/div><\/div><\/div><\/div>\n        <\/div>\n    <\/article><article class=\"eael-grid-post  eael-post-grid-column eael-pg-post-13505 category-cat_ecole_elem\" data-id=\"13505\">\n        <div class=\"eael-grid-post-holder\">\n            <div class=\"eael-grid-post-holder-inner\"><div class=\"eael-entry-wrapper\"><header class=\"eael-entry-header\"><h2 class=\"eael-entry-title\"><a class=\"eael-grid-post-link\" href=\"https:\/\/villagedefeves.fr\/?p=13505\" title=\"Blog de l&rsquo;\u00e9cole \u00e9l\u00e9mentaire\">Blog de l&rsquo;\u00e9cole \u00e9l\u00e9mentaire<\/a><\/h2><\/header><div class=\"eael-entry-content\">\n                        <div class=\"eael-grid-post-excerpt\"><p>L&rsquo;\u00e9cole \u00e9l\u00e9mentaire dispose d&rsquo;un blog qui se trouve sur le...<\/p><a href=\"https:\/\/villagedefeves.fr\/?p=13505\" class=\"eael-post-elements-readmore-btn\">Read More<\/a><\/div>\n                    <\/div><div class=\"eael-entry-footer\"><div class=\"eael-author-avatar\"><a href=\"https:\/\/villagedefeves.fr\/?author=8\"><img alt='Communication' src='https:\/\/secure.gravatar.com\/avatar\/5ca21adbc80ea0b2b0144b0e69b94c41?s=96&#038;d=mm&#038;r=g' srcset='https:\/\/secure.gravatar.com\/avatar\/5ca21adbc80ea0b2b0144b0e69b94c41?s=192&#038;d=mm&#038;r=g 2x' class='avatar avatar-96 photo' height='96' width='96' \/><\/a><\/div><div class=\"eael-entry-meta\"><span class=\"eael-posted-by\"><a href=\"https:\/\/villagedefeves.fr\/?author=8\" title=\"Posts by Communication\" rel=\"author\">Communication<\/a><\/span><span class=\"eael-posted-on\"><time datetime=\"04\/09\/2020\">04\/09\/2020<\/time><\/span><\/div><\/div><\/div><\/div>\n        <\/div>\n    <\/article><\/div>\n            <div class=\"clearfix\"><\/div>\n        <\/div>\t\t\t\t<\/div>\n\t\t\t\t<\/div>\n\t\t\t\t\t<\/div>\n\t\t<\/div>\n\t\t\t\t\t<\/div>\n\t\t<\/section>\n\t\t\t\t<\/div>\n\t\t","protected":false},"excerpt":{"rendered":"<p>Vous pouvez retrouvez les informations de l&rsquo;\u00e9cole \u00e9l\u00e9mentaire sur le blog d\u00e9di\u00e9: Blog de l&rsquo;\u00e9cole \u00e9l\u00e9mentaire Documents NOTE DE RENTR\u00c9E 2020\/2021 FICHE DE RENSEIGNEMENTS INTERACTIVE LIVRET D&rsquo;INFORMATIONS SUR LES RECOMMANDATIONS SANITAIRES A L&rsquo;ECOLE Derni\u00e8res actualit\u00e9s ATTESTATION DEPLACEMENT ECOLE ELEMENTAIRE Cette attestation est \u00e0 remplir une seule fois et \u00e0&#8230; Read More Didier Cordonnier02\/11\/2020 Information journ\u00e9e &#8230; <a title=\"Blog de l&rsquo;\u00e9cole \u00e9l\u00e9mentaire\" class=\"read-more\" href=\"https:\/\/villagedefeves.fr\/?p=13505\" aria-label=\"En savoir plus sur Blog de l&rsquo;\u00e9cole \u00e9l\u00e9mentaire\">Lire la suite<\/a><\/p>\n","protected":false},"author":1,"featured_media":0,"parent":13122,"menu_order":0,"comment_status":"closed","ping_status":"closed","template":"","meta":{"footnotes":""},"class_list":["post-13270","page","type-page","status-publish","hentry"],"_links":{"self":[{"href":"https:\/\/villagedefeves.fr\/index.php?rest_route=\/wp\/v2\/pages\/13270","targetHints":{"allow":["GET"]}}],"collection":[{"href":"https:\/\/villagedefeves.fr\/index.php?rest_route=\/wp\/v2\/pages"}],"about":[{"href":"https:\/\/villagedefeves.fr\/index.php?rest_route=\/wp\/v2\/types\/page"}],"author":[{"embeddable":true,"href":"https:\/\/villagedefeves.fr\/index.php?rest_route=\/wp\/v2\/users\/1"}],"replies":[{"embeddable":true,"href":"https:\/\/villagedefeves.fr\/index.php?rest_route=%2Fwp%2Fv2%2Fcomments&post=13270"}],"version-history":[{"count":4,"href":"https:\/\/villagedefeves.fr\/index.php?rest_route=\/wp\/v2\/pages\/13270\/revisions"}],"predecessor-version":[{"id":13785,"href":"https:\/\/villagedefeves.fr\/index.php?rest_route=\/wp\/v2\/pages\/13270\/revisions\/13785"}],"up":[{"embeddable":true,"href":"https:\/\/villagedefeves.fr\/index.php?rest_route=\/wp\/v2\/pages\/13122"}],"wp:attachment":[{"href":"https:\/\/villagedefeves.fr\/index.php?rest_route=%2Fwp%2Fv2%2Fmedia&parent=13270"}],"curies":[{"name":"wp","href":"https:\/\/api.w.org\/{rel}","templated":true}]}}