{"id":13268,"date":"2020-07-17T15:18:11","date_gmt":"2020-07-17T13:18:11","guid":{"rendered":"https:\/\/villagedefeves.fr\/?page_id=13268"},"modified":"2020-11-03T11:50:49","modified_gmt":"2020-11-03T10:50:49","slug":"ecole-maternelle","status":"publish","type":"page","link":"https:\/\/villagedefeves.fr\/?page_id=13268","title":{"rendered":"Ecole Maternelle"},"content":{"rendered":"\t\t<div data-elementor-type=\"wp-page\" data-elementor-id=\"13268\" class=\"elementor elementor-13268\">\n\t\t\t\t\t\t<section class=\"elementor-section elementor-top-section elementor-element elementor-element-6cde11e elementor-section-boxed elementor-section-height-default elementor-section-height-default\" data-id=\"6cde11e\" data-element_type=\"section\" data-e-type=\"section\">\n\t\t\t\t\t\t<div class=\"elementor-container elementor-column-gap-default\">\n\t\t\t\t\t<div class=\"elementor-column elementor-col-100 elementor-top-column elementor-element elementor-element-9d3dc3c\" data-id=\"9d3dc3c\" data-element_type=\"column\" data-e-type=\"column\">\n\t\t\t<div class=\"elementor-widget-wrap elementor-element-populated\">\n\t\t\t\t\t\t<div class=\"elementor-element elementor-element-3ff1fd9 elementor-widget elementor-widget-image\" data-id=\"3ff1fd9\" data-element_type=\"widget\" data-e-type=\"widget\" data-widget_type=\"image.default\">\n\t\t\t\t<div class=\"elementor-widget-container\">\n\t\t\t\t\t\t\t\t\t\t\t\t\t\t\t<img fetchpriority=\"high\" decoding=\"async\" width=\"922\" height=\"425\" src=\"https:\/\/villagedefeves.fr\/wordpress\/wp-content\/uploads\/2020\/07\/Ecole-Maternelle-1024x472.jpg\" class=\"attachment-large size-large wp-image-13279\" alt=\"\" srcset=\"https:\/\/villagedefeves.fr\/wordpress\/wp-content\/uploads\/2020\/07\/Ecole-Maternelle-1024x472.jpg 1024w, https:\/\/villagedefeves.fr\/wordpress\/wp-content\/uploads\/2020\/07\/Ecole-Maternelle-300x138.jpg 300w, https:\/\/villagedefeves.fr\/wordpress\/wp-content\/uploads\/2020\/07\/Ecole-Maternelle-768x354.jpg 768w, https:\/\/villagedefeves.fr\/wordpress\/wp-content\/uploads\/2020\/07\/Ecole-Maternelle-1536x708.jpg 1536w, https:\/\/villagedefeves.fr\/wordpress\/wp-content\/uploads\/2020\/07\/Ecole-Maternelle-1320x609.jpg 1320w, https:\/\/villagedefeves.fr\/wordpress\/wp-content\/uploads\/2020\/07\/Ecole-Maternelle.jpg 1600w\" sizes=\"(max-width: 922px) 100vw, 922px\" \/>\t\t\t\t\t\t\t\t\t\t\t\t\t\t\t<\/div>\n\t\t\t\t<\/div>\n\t\t\t\t\t<\/div>\n\t\t<\/div>\n\t\t\t\t\t<\/div>\n\t\t<\/section>\n\t\t\t\t<section class=\"elementor-section elementor-top-section elementor-element elementor-element-7243019 elementor-section-boxed elementor-section-height-default elementor-section-height-default\" data-id=\"7243019\" data-element_type=\"section\" data-e-type=\"section\">\n\t\t\t\t\t\t<div class=\"elementor-container elementor-column-gap-default\">\n\t\t\t\t\t<div class=\"elementor-column elementor-col-33 elementor-top-column elementor-element elementor-element-29b8c3d\" data-id=\"29b8c3d\" data-element_type=\"column\" data-e-type=\"column\">\n\t\t\t<div class=\"elementor-widget-wrap elementor-element-populated\">\n\t\t\t\t\t\t<div class=\"elementor-element elementor-element-e10bdae elementor-view-default elementor-position-block-start elementor-mobile-position-block-start elementor-widget elementor-widget-icon-box\" data-id=\"e10bdae\" data-element_type=\"widget\" data-e-type=\"widget\" data-widget_type=\"icon-box.default\">\n\t\t\t\t<div class=\"elementor-widget-container\">\n\t\t\t\t\t\t\t<div class=\"elementor-icon-box-wrapper\">\n\n\t\t\t\t\t\t<div class=\"elementor-icon-box-icon\">\n\t\t\t\t<span  class=\"elementor-icon\">\n\t\t\t\t<i aria-hidden=\"true\" class=\"fas fa-phone-square-alt\"><\/i>\t\t\t\t<\/span>\n\t\t\t<\/div>\n\t\t\t\n\t\t\t\t\t\t<div class=\"elementor-icon-box-content\">\n\n\t\t\t\t\t\t\t\t\t<h3 class=\"elementor-icon-box-title\">\n\t\t\t\t\t\t<span  >\n\t\t\t\t\t\t\tContact par t\u00e9l\u00e9phone\t\t\t\t\t\t<\/span>\n\t\t\t\t\t<\/h3>\n\t\t\t\t\n\t\t\t\t\t\t\t\t\t<p class=\"elementor-icon-box-description\">\n\t\t\t\t\t\t03 87 51 14 17\t\t\t\t\t<\/p>\n\t\t\t\t\n\t\t\t<\/div>\n\t\t\t\n\t\t<\/div>\n\t\t\t\t\t\t<\/div>\n\t\t\t\t<\/div>\n\t\t\t\t\t<\/div>\n\t\t<\/div>\n\t\t\t\t<div class=\"elementor-column elementor-col-33 elementor-top-column elementor-element elementor-element-2bfa40e\" data-id=\"2bfa40e\" data-element_type=\"column\" data-e-type=\"column\">\n\t\t\t<div class=\"elementor-widget-wrap elementor-element-populated\">\n\t\t\t\t\t\t<div class=\"elementor-element elementor-element-8f04735 eael-infobox-content-align--center eael-infobox-icon-bg-shape-none eael-infobox-icon-hover-bg-shape-none elementor-widget elementor-widget-eael-info-box\" data-id=\"8f04735\" data-element_type=\"widget\" data-e-type=\"widget\" data-widget_type=\"eael-info-box.default\">\n\t\t\t\t<div class=\"elementor-widget-container\">\n\t\t\t\t\t        <div class=\"eael-infobox icon-on-top\">\n\t            <div class=\"infobox-icon eael-icon-only\">\n\n            \n                            <div class=\"infobox-icon-wrap\">\n                    <i aria-hidden=\"true\" class=\"fas fa-mail-bulk\"><\/i>                <\/div>\n            \n            \n        <\/div>\n            <div class=\"infobox-content eael-icon-only\">\n                    <div class=\"infobox-title-section\">\n                <h2 class=\"title\">Contact par mail<\/h2>            <\/div>\n            <div><p><a href=\"mailto:ce.0573262@ac-nancy-metz.fr\">ce.0573262@ac-nancy-metz.fr<\/a><\/p><\/div>        <\/div>\n            <\/div>\n\n\t\t\t\t\t\t<\/div>\n\t\t\t\t<\/div>\n\t\t\t\t\t<\/div>\n\t\t<\/div>\n\t\t\t\t<div class=\"elementor-column elementor-col-33 elementor-top-column elementor-element elementor-element-bd30197\" data-id=\"bd30197\" data-element_type=\"column\" data-e-type=\"column\">\n\t\t\t<div class=\"elementor-widget-wrap\">\n\t\t\t\t\t\t\t<\/div>\n\t\t<\/div>\n\t\t\t\t\t<\/div>\n\t\t<\/section>\n\t\t\t\t<section class=\"elementor-section elementor-top-section elementor-element elementor-element-75e7727 elementor-section-boxed elementor-section-height-default elementor-section-height-default\" data-id=\"75e7727\" data-element_type=\"section\" data-e-type=\"section\">\n\t\t\t\t\t\t<div class=\"elementor-container elementor-column-gap-default\">\n\t\t\t\t\t<div class=\"elementor-column elementor-col-100 elementor-top-column elementor-element elementor-element-2669a9f\" data-id=\"2669a9f\" data-element_type=\"column\" data-e-type=\"column\">\n\t\t\t<div class=\"elementor-widget-wrap elementor-element-populated\">\n\t\t\t\t\t\t<div class=\"elementor-element elementor-element-a53decf elementor-widget elementor-widget-spacer\" data-id=\"a53decf\" data-element_type=\"widget\" data-e-type=\"widget\" data-widget_type=\"spacer.default\">\n\t\t\t\t<div class=\"elementor-widget-container\">\n\t\t\t\t\t\t\t<div class=\"elementor-spacer\">\n\t\t\t<div class=\"elementor-spacer-inner\"><\/div>\n\t\t<\/div>\n\t\t\t\t\t\t<\/div>\n\t\t\t\t<\/div>\n\t\t\t\t<div class=\"elementor-element elementor-element-6f13407 elementor-widget elementor-widget-text-editor\" data-id=\"6f13407\" data-element_type=\"widget\" data-e-type=\"widget\" data-widget_type=\"text-editor.default\">\n\t\t\t\t<div class=\"elementor-widget-container\">\n\t\t\t\t\t\t\t\t\t<p style=\"text-align: left;\">L&rsquo;\u00e9cole maternelle de Feves se situe au 2 rue des \u00e9coles .<\/p>\t\t\t\t\t\t\t\t<\/div>\n\t\t\t\t<\/div>\n\t\t\t\t<div class=\"elementor-element elementor-element-5d86faf elementor-widget elementor-widget-button\" data-id=\"5d86faf\" data-element_type=\"widget\" data-e-type=\"widget\" data-widget_type=\"button.default\">\n\t\t\t\t<div class=\"elementor-widget-container\">\n\t\t\t\t\t\t\t\t\t<div class=\"elementor-button-wrapper\">\n\t\t\t\t\t<a class=\"elementor-button elementor-button-link elementor-size-sm\" href=\"https:\/\/villagedefeves.fr\/?page_id=13539\">\n\t\t\t\t\t\t<span class=\"elementor-button-content-wrapper\">\n\t\t\t\t\t\t<span class=\"elementor-button-icon\">\n\t\t\t\t<i aria-hidden=\"true\" class=\"fas fa-images\"><\/i>\t\t\t<\/span>\n\t\t\t\t\t\t\t\t\t<span class=\"elementor-button-text\">Acc\u00e8s galerie<\/span>\n\t\t\t\t\t<\/span>\n\t\t\t\t\t<\/a>\n\t\t\t\t<\/div>\n\t\t\t\t\t\t\t\t<\/div>\n\t\t\t\t<\/div>\n\t\t\t\t<div class=\"elementor-element elementor-element-6d6c0e0 elementor-widget elementor-widget-heading\" data-id=\"6d6c0e0\" data-element_type=\"widget\" data-e-type=\"widget\" data-widget_type=\"heading.default\">\n\t\t\t\t<div class=\"elementor-widget-container\">\n\t\t\t\t\t<h2 class=\"elementor-heading-title elementor-size-default\">Derni\u00e8res actualit\u00e9s<\/h2>\t\t\t\t<\/div>\n\t\t\t\t<\/div>\n\t\t\t\t<div class=\"elementor-element elementor-element-08da500 elementor-grid-eael-col-4 elementor-grid-tablet-eael-col-2 elementor-grid-mobile-eael-col-1 elementor-widget elementor-widget-eael-post-grid\" data-id=\"08da500\" data-element_type=\"widget\" data-e-type=\"widget\" data-settings=\"{&quot;eael_post_grid_columns&quot;:&quot;eael-col-4&quot;,&quot;eael_post_grid_columns_tablet&quot;:&quot;eael-col-2&quot;,&quot;eael_post_grid_columns_mobile&quot;:&quot;eael-col-1&quot;}\" data-widget_type=\"eael-post-grid.default\">\n\t\t\t\t<div class=\"elementor-widget-container\">\n\t\t\t\t\t<div id=\"eael-post-grid-08da500\" class=\"eael-post-grid-container\">\n            <div class=\"eael-post-grid eael-post-appender eael-post-appender-08da500 eael-post-grid-style-one\" data-layout-mode=\"grid\"><article class=\"eael-grid-post  eael-post-grid-column eael-pg-post-13519 category-cat_ecole_elem-cat_ecole_mat-cat_mairie-cat_peri\" data-id=\"13519\">\n        <div class=\"eael-grid-post-holder\">\n            <div class=\"eael-grid-post-holder-inner\"><div class=\"eael-entry-wrapper\"><header class=\"eael-entry-header\"><h2 class=\"eael-entry-title\"><a class=\"eael-grid-post-link\" href=\"https:\/\/villagedefeves.fr\/?p=13519\" title=\"Information journ\u00e9e portes ouvertes du 12 Septembre\">Information journ\u00e9e portes ouvertes du 12 Septembre<\/a><\/h2><\/header><div class=\"eael-entry-content\">\n                        <div class=\"eael-grid-post-excerpt\"><p>Vous allez recevoir cette semaine un tract sur la journ\u00e9e...<\/p><a href=\"https:\/\/villagedefeves.fr\/?p=13519\" class=\"eael-post-elements-readmore-btn\">Read More<\/a><\/div>\n                    <\/div><div class=\"eael-entry-footer\"><div class=\"eael-author-avatar\"><a href=\"https:\/\/villagedefeves.fr\/?author=8\"><img alt='Communication' src='https:\/\/secure.gravatar.com\/avatar\/5ca21adbc80ea0b2b0144b0e69b94c41?s=96&#038;d=mm&#038;r=g' srcset='https:\/\/secure.gravatar.com\/avatar\/5ca21adbc80ea0b2b0144b0e69b94c41?s=192&#038;d=mm&#038;r=g 2x' class='avatar avatar-96 photo' height='96' width='96' \/><\/a><\/div><div class=\"eael-entry-meta\"><span class=\"eael-posted-by\"><a href=\"https:\/\/villagedefeves.fr\/?author=8\" title=\"Posts by Communication\" rel=\"author\">Communication<\/a><\/span><span class=\"eael-posted-on\"><time datetime=\"06\/09\/2020\">06\/09\/2020<\/time><\/span><\/div><\/div><\/div><\/div>\n        <\/div>\n    <\/article><article class=\"eael-grid-post  eael-post-grid-column eael-pg-post-12858 category-cat_ecole_mat\" data-id=\"12858\">\n        <div class=\"eael-grid-post-holder\">\n            <div class=\"eael-grid-post-holder-inner\"><div class=\"eael-entry-wrapper\"><header class=\"eael-entry-header\"><h2 class=\"eael-entry-title\"><a class=\"eael-grid-post-link\" href=\"https:\/\/villagedefeves.fr\/?p=12858\" title=\"Inscriptions \u00e9cole maternelle\">Inscriptions \u00e9cole maternelle<\/a><\/h2><\/header><div class=\"eael-entry-content\">\n                        <div class=\"eael-grid-post-excerpt\"><p>Les inscriptions \u00e0 l\u2019\u00e9cole maternelle pour les enfants n\u00e9s en...<\/p><a href=\"https:\/\/villagedefeves.fr\/?p=12858\" class=\"eael-post-elements-readmore-btn\">Read More<\/a><\/div>\n                    <\/div><div class=\"eael-entry-footer\"><div class=\"eael-author-avatar\"><a href=\"https:\/\/villagedefeves.fr\/?author=8\"><img alt='Communication' src='https:\/\/secure.gravatar.com\/avatar\/5ca21adbc80ea0b2b0144b0e69b94c41?s=96&#038;d=mm&#038;r=g' srcset='https:\/\/secure.gravatar.com\/avatar\/5ca21adbc80ea0b2b0144b0e69b94c41?s=192&#038;d=mm&#038;r=g 2x' class='avatar avatar-96 photo' height='96' width='96' \/><\/a><\/div><div class=\"eael-entry-meta\"><span class=\"eael-posted-by\"><a href=\"https:\/\/villagedefeves.fr\/?author=8\" title=\"Posts by Communication\" rel=\"author\">Communication<\/a><\/span><span class=\"eael-posted-on\"><time datetime=\"03\/03\/2020\">03\/03\/2020<\/time><\/span><\/div><\/div><\/div><\/div>\n        <\/div>\n    <\/article><\/div>\n            <div class=\"clearfix\"><\/div>\n        <\/div>\t\t\t\t<\/div>\n\t\t\t\t<\/div>\n\t\t\t\t<div class=\"elementor-element elementor-element-1f24c05 elementor-alert-info elementor-widget elementor-widget-alert\" data-id=\"1f24c05\" data-element_type=\"widget\" data-e-type=\"widget\" data-widget_type=\"alert.default\">\n\t\t\t\t<div class=\"elementor-widget-container\">\n\t\t\t\t\t\t\t<div class=\"elementor-alert\" role=\"alert\">\n\n\t\t\t\t\t\t<span class=\"elementor-alert-title\">Avancement des travaux<\/span>\n\t\t\t\n\t\t\t\t\t\t<span class=\"elementor-alert-description\">Dans le cadre de l'ouverture de 2 classes suppl\u00e9mentaires dans les \u00e9coles de F\u00e8ves, des travaux ont \u00e9t\u00e9 entrepris.\nRetrouvez ici quelques photos sur la cr\u00e9ation de la 3\u00e8me classe de maternelle.<\/span>\n\t\t\t\n\t\t\t\n\t\t<\/div>\n\t\t\t\t\t\t<\/div>\n\t\t\t\t<\/div>\n\t\t\t\t<div class=\"elementor-element elementor-element-9c5a46d elementor-arrows-position-inside elementor-pagination-position-outside elementor-widget elementor-widget-image-carousel\" data-id=\"9c5a46d\" data-element_type=\"widget\" data-e-type=\"widget\" data-settings=\"{&quot;navigation&quot;:&quot;both&quot;,&quot;autoplay&quot;:&quot;yes&quot;,&quot;pause_on_hover&quot;:&quot;yes&quot;,&quot;pause_on_interaction&quot;:&quot;yes&quot;,&quot;autoplay_speed&quot;:5000,&quot;infinite&quot;:&quot;yes&quot;,&quot;speed&quot;:500}\" data-widget_type=\"image-carousel.default\">\n\t\t\t\t<div class=\"elementor-widget-container\">\n\t\t\t\t\t\t\t<div class=\"elementor-image-carousel-wrapper swiper\" role=\"region\" aria-roledescription=\"carousel\" aria-label=\"Carrousel d\u2019images\" dir=\"ltr\">\n\t\t\t<div class=\"elementor-image-carousel swiper-wrapper\" aria-live=\"off\">\n\t\t\t\t\t\t\t\t<div class=\"swiper-slide\" role=\"group\" aria-roledescription=\"slide\" aria-label=\"1 sur 7\"><a data-elementor-open-lightbox=\"yes\" data-elementor-lightbox-slideshow=\"9c5a46d\" data-elementor-lightbox-title=\"Avancement TravauxEcole1\" data-e-action-hash=\"#elementor-action%3Aaction%3Dlightbox%26settings%3DeyJpZCI6MTMzNjQsInVybCI6Imh0dHBzOlwvXC92aWxsYWdlZGVmZXZlcy5mclwvd29yZHByZXNzXC93cC1jb250ZW50XC91cGxvYWRzXC8yMDIwXC8wOFwvQXZhbmNlbWVudC1UcmF2YXV4RWNvbGUxLmpwZyIsInNsaWRlc2hvdyI6IjljNWE0NmQifQ%3D%3D\" href=\"https:\/\/villagedefeves.fr\/wordpress\/wp-content\/uploads\/2020\/08\/Avancement-TravauxEcole1.jpg\"><figure class=\"swiper-slide-inner\"><img decoding=\"async\" class=\"swiper-slide-image\" src=\"https:\/\/villagedefeves.fr\/wordpress\/wp-content\/uploads\/2020\/08\/Avancement-TravauxEcole1-150x150.jpg\" alt=\"Avancement TravauxEcole1\" \/><\/figure><\/a><\/div><div class=\"swiper-slide\" role=\"group\" aria-roledescription=\"slide\" aria-label=\"2 sur 7\"><a data-elementor-open-lightbox=\"yes\" data-elementor-lightbox-slideshow=\"9c5a46d\" data-elementor-lightbox-title=\"AvancementTravauxEcole2\" data-e-action-hash=\"#elementor-action%3Aaction%3Dlightbox%26settings%3DeyJpZCI6MTMzNjUsInVybCI6Imh0dHBzOlwvXC92aWxsYWdlZGVmZXZlcy5mclwvd29yZHByZXNzXC93cC1jb250ZW50XC91cGxvYWRzXC8yMDIwXC8wOFwvQXZhbmNlbWVudFRyYXZhdXhFY29sZTIuanBnIiwic2xpZGVzaG93IjoiOWM1YTQ2ZCJ9\" href=\"https:\/\/villagedefeves.fr\/wordpress\/wp-content\/uploads\/2020\/08\/AvancementTravauxEcole2.jpg\"><figure class=\"swiper-slide-inner\"><img decoding=\"async\" class=\"swiper-slide-image\" src=\"https:\/\/villagedefeves.fr\/wordpress\/wp-content\/uploads\/2020\/08\/AvancementTravauxEcole2-150x150.jpg\" alt=\"AvancementTravauxEcole2\" \/><\/figure><\/a><\/div><div class=\"swiper-slide\" role=\"group\" aria-roledescription=\"slide\" aria-label=\"3 sur 7\"><a data-elementor-open-lightbox=\"yes\" data-elementor-lightbox-slideshow=\"9c5a46d\" data-elementor-lightbox-title=\"Travaux ecole\" data-e-action-hash=\"#elementor-action%3Aaction%3Dlightbox%26settings%3DeyJpZCI6MTMzNjYsInVybCI6Imh0dHBzOlwvXC92aWxsYWdlZGVmZXZlcy5mclwvd29yZHByZXNzXC93cC1jb250ZW50XC91cGxvYWRzXC8yMDIwXC8wOFwvVHJhdmF1eC1lY29sZS5qcGciLCJzbGlkZXNob3ciOiI5YzVhNDZkIn0%3D\" href=\"https:\/\/villagedefeves.fr\/wordpress\/wp-content\/uploads\/2020\/08\/Travaux-ecole.jpg\"><figure class=\"swiper-slide-inner\"><img decoding=\"async\" class=\"swiper-slide-image\" src=\"https:\/\/villagedefeves.fr\/wordpress\/wp-content\/uploads\/2020\/08\/Travaux-ecole-150x150.jpg\" alt=\"Travaux ecole\" \/><\/figure><\/a><\/div><div class=\"swiper-slide\" role=\"group\" aria-roledescription=\"slide\" aria-label=\"4 sur 7\"><a data-elementor-open-lightbox=\"yes\" data-elementor-lightbox-slideshow=\"9c5a46d\" data-elementor-lightbox-title=\"TravauxEcolePiece2\" data-e-action-hash=\"#elementor-action%3Aaction%3Dlightbox%26settings%3DeyJpZCI6MTMzNzAsInVybCI6Imh0dHBzOlwvXC92aWxsYWdlZGVmZXZlcy5mclwvd29yZHByZXNzXC93cC1jb250ZW50XC91cGxvYWRzXC8yMDIwXC8wOFwvVHJhdmF1eEVjb2xlUGllY2UyLmpwZyIsInNsaWRlc2hvdyI6IjljNWE0NmQifQ%3D%3D\" href=\"https:\/\/villagedefeves.fr\/wordpress\/wp-content\/uploads\/2020\/08\/TravauxEcolePiece2.jpg\"><figure class=\"swiper-slide-inner\"><img decoding=\"async\" class=\"swiper-slide-image\" src=\"https:\/\/villagedefeves.fr\/wordpress\/wp-content\/uploads\/2020\/08\/TravauxEcolePiece2-150x150.jpg\" alt=\"TravauxEcolePiece2\" \/><\/figure><\/a><\/div><div class=\"swiper-slide\" role=\"group\" aria-roledescription=\"slide\" aria-label=\"5 sur 7\"><a data-elementor-open-lightbox=\"yes\" data-elementor-lightbox-slideshow=\"9c5a46d\" data-elementor-lightbox-title=\"TravauxEcolePiece\" data-e-action-hash=\"#elementor-action%3Aaction%3Dlightbox%26settings%3DeyJpZCI6MTMzNjksInVybCI6Imh0dHBzOlwvXC92aWxsYWdlZGVmZXZlcy5mclwvd29yZHByZXNzXC93cC1jb250ZW50XC91cGxvYWRzXC8yMDIwXC8wOFwvVHJhdmF1eEVjb2xlUGllY2UuanBnIiwic2xpZGVzaG93IjoiOWM1YTQ2ZCJ9\" href=\"https:\/\/villagedefeves.fr\/wordpress\/wp-content\/uploads\/2020\/08\/TravauxEcolePiece.jpg\"><figure class=\"swiper-slide-inner\"><img decoding=\"async\" class=\"swiper-slide-image\" src=\"https:\/\/villagedefeves.fr\/wordpress\/wp-content\/uploads\/2020\/08\/TravauxEcolePiece-150x150.jpg\" alt=\"TravauxEcolePiece\" \/><\/figure><\/a><\/div><div class=\"swiper-slide\" role=\"group\" aria-roledescription=\"slide\" aria-label=\"6 sur 7\"><a data-elementor-open-lightbox=\"yes\" data-elementor-lightbox-slideshow=\"9c5a46d\" data-elementor-lightbox-title=\"TravauxEcole2\" data-e-action-hash=\"#elementor-action%3Aaction%3Dlightbox%26settings%3DeyJpZCI6MTMzNjgsInVybCI6Imh0dHBzOlwvXC92aWxsYWdlZGVmZXZlcy5mclwvd29yZHByZXNzXC93cC1jb250ZW50XC91cGxvYWRzXC8yMDIwXC8wOFwvVHJhdmF1eEVjb2xlMi5qcGciLCJzbGlkZXNob3ciOiI5YzVhNDZkIn0%3D\" href=\"https:\/\/villagedefeves.fr\/wordpress\/wp-content\/uploads\/2020\/08\/TravauxEcole2.jpg\"><figure class=\"swiper-slide-inner\"><img decoding=\"async\" class=\"swiper-slide-image\" src=\"https:\/\/villagedefeves.fr\/wordpress\/wp-content\/uploads\/2020\/08\/TravauxEcole2-150x150.jpg\" alt=\"TravauxEcole2\" \/><\/figure><\/a><\/div><div class=\"swiper-slide\" role=\"group\" aria-roledescription=\"slide\" aria-label=\"7 sur 7\"><a data-elementor-open-lightbox=\"yes\" data-elementor-lightbox-slideshow=\"9c5a46d\" data-elementor-lightbox-title=\"travauxEcole1\" data-e-action-hash=\"#elementor-action%3Aaction%3Dlightbox%26settings%3DeyJpZCI6MTMzNjcsInVybCI6Imh0dHBzOlwvXC92aWxsYWdlZGVmZXZlcy5mclwvd29yZHByZXNzXC93cC1jb250ZW50XC91cGxvYWRzXC8yMDIwXC8wOFwvdHJhdmF1eEVjb2xlMS5qcGciLCJzbGlkZXNob3ciOiI5YzVhNDZkIn0%3D\" href=\"https:\/\/villagedefeves.fr\/wordpress\/wp-content\/uploads\/2020\/08\/travauxEcole1.jpg\"><figure class=\"swiper-slide-inner\"><img decoding=\"async\" class=\"swiper-slide-image\" src=\"https:\/\/villagedefeves.fr\/wordpress\/wp-content\/uploads\/2020\/08\/travauxEcole1-150x150.jpg\" alt=\"travauxEcole1\" \/><\/figure><\/a><\/div>\t\t\t<\/div>\n\t\t\t\t\t\t\t\t\t\t\t\t<div class=\"elementor-swiper-button elementor-swiper-button-prev\" role=\"button\" tabindex=\"0\">\n\t\t\t\t\t\t<i aria-hidden=\"true\" class=\"eicon-chevron-left\"><\/i>\t\t\t\t\t<\/div>\n\t\t\t\t\t<div class=\"elementor-swiper-button elementor-swiper-button-next\" role=\"button\" tabindex=\"0\">\n\t\t\t\t\t\t<i aria-hidden=\"true\" class=\"eicon-chevron-right\"><\/i>\t\t\t\t\t<\/div>\n\t\t\t\t\n\t\t\t\t\t\t\t\t\t<div class=\"swiper-pagination\"><\/div>\n\t\t\t\t\t\t\t\t\t<\/div>\n\t\t\t\t\t\t<\/div>\n\t\t\t\t<\/div>\n\t\t\t\t\t<\/div>\n\t\t<\/div>\n\t\t\t\t\t<\/div>\n\t\t<\/section>\n\t\t\t\t<\/div>\n\t\t","protected":false},"excerpt":{"rendered":"<p>Contact par t\u00e9l\u00e9phone 03 87 51 14 17 Contact par mail ce.0573262@ac-nancy-metz.fr L&rsquo;\u00e9cole maternelle de Feves se situe au 2 rue des \u00e9coles . Acc\u00e8s galerie Derni\u00e8res actualit\u00e9s Information journ\u00e9e portes ouvertes du 12 Septembre Vous allez recevoir cette semaine un tract sur la journ\u00e9e&#8230; Read More Communication06\/09\/2020 Les changements pour la rentr\u00e9e La semaine &#8230; <a title=\"Inscriptions \u00e9cole maternelle\" class=\"read-more\" href=\"https:\/\/villagedefeves.fr\/?p=12858\" aria-label=\"En savoir plus sur Inscriptions \u00e9cole maternelle\">Lire la suite<\/a><\/p>\n","protected":false},"author":1,"featured_media":0,"parent":13122,"menu_order":0,"comment_status":"closed","ping_status":"closed","template":"","meta":{"footnotes":""},"class_list":["post-13268","page","type-page","status-publish","hentry"],"_links":{"self":[{"href":"https:\/\/villagedefeves.fr\/index.php?rest_route=\/wp\/v2\/pages\/13268","targetHints":{"allow":["GET"]}}],"collection":[{"href":"https:\/\/villagedefeves.fr\/index.php?rest_route=\/wp\/v2\/pages"}],"about":[{"href":"https:\/\/villagedefeves.fr\/index.php?rest_route=\/wp\/v2\/types\/page"}],"author":[{"embeddable":true,"href":"https:\/\/villagedefeves.fr\/index.php?rest_route=\/wp\/v2\/users\/1"}],"replies":[{"embeddable":true,"href":"https:\/\/villagedefeves.fr\/index.php?rest_route=%2Fwp%2Fv2%2Fcomments&post=13268"}],"version-history":[{"count":5,"href":"https:\/\/villagedefeves.fr\/index.php?rest_route=\/wp\/v2\/pages\/13268\/revisions"}],"predecessor-version":[{"id":13783,"href":"https:\/\/villagedefeves.fr\/index.php?rest_route=\/wp\/v2\/pages\/13268\/revisions\/13783"}],"up":[{"embeddable":true,"href":"https:\/\/villagedefeves.fr\/index.php?rest_route=\/wp\/v2\/pages\/13122"}],"wp:attachment":[{"href":"https:\/\/villagedefeves.fr\/index.php?rest_route=%2Fwp%2Fv2%2Fmedia&parent=13268"}],"curies":[{"name":"wp","href":"https:\/\/api.w.org\/{rel}","templated":true}]}}