{"id":13195,"date":"2020-07-08T10:16:23","date_gmt":"2020-07-08T08:16:23","guid":{"rendered":"https:\/\/villagedefeves.fr\/?page_id=13195"},"modified":"2025-01-13T20:50:22","modified_gmt":"2025-01-13T19:50:22","slug":"demarches_administratives","status":"publish","type":"page","link":"https:\/\/villagedefeves.fr\/?page_id=13195","title":{"rendered":"D\u00e9marches Administratives"},"content":{"rendered":"\t\t<div data-elementor-type=\"wp-page\" data-elementor-id=\"13195\" class=\"elementor elementor-13195\">\n\t\t\t\t\t\t<section class=\"elementor-section elementor-top-section elementor-element elementor-element-194c9d7 elementor-section-boxed elementor-section-height-default elementor-section-height-default\" data-id=\"194c9d7\" data-element_type=\"section\" data-e-type=\"section\">\n\t\t\t\t\t\t<div class=\"elementor-container elementor-column-gap-default\">\n\t\t\t\t\t<div class=\"elementor-column elementor-col-100 elementor-top-column elementor-element elementor-element-60b8fc4\" data-id=\"60b8fc4\" data-element_type=\"column\" data-e-type=\"column\">\n\t\t\t<div class=\"elementor-widget-wrap elementor-element-populated\">\n\t\t\t\t\t\t<div class=\"elementor-element elementor-element-6f1ca7c elementor-widget elementor-widget-heading\" data-id=\"6f1ca7c\" data-element_type=\"widget\" data-e-type=\"widget\" data-widget_type=\"heading.default\">\n\t\t\t\t<div class=\"elementor-widget-container\">\n\t\t\t\t\t<h2 class=\"elementor-heading-title elementor-size-default\">Les d\u00e9marches administratives en ligne<\/h2>\t\t\t\t<\/div>\n\t\t\t\t<\/div>\n\t\t\t\t<div class=\"elementor-element elementor-element-4c7a292 elementor-widget elementor-widget-text-editor\" data-id=\"4c7a292\" data-element_type=\"widget\" data-e-type=\"widget\" data-widget_type=\"text-editor.default\">\n\t\t\t\t<div class=\"elementor-widget-container\">\n\t\t\t\t\t\t\t\t\t<p>Voici les liens vers les services de l&rsquo;\u00e9tat: ( site officiel\u00a0<a href=\"http:\/\/service-public.fr\/\" target=\"_blank\" rel=\"noopener\">service-public.fr )<\/a><\/p><ul><li class=\"texte\"><a class=\"lien_suite\" href=\"https:\/\/www.service-public.fr\/\" target=\"_blank\" rel=\"noopener\">Particuliers<\/a><\/li><li><a class=\"lien_suite\" href=\"https:\/\/www.service-public.fr\/associations\" target=\"_blank\" rel=\"noopener\">Associations<\/a><\/li><li><a class=\"lien_suite\" href=\"https:\/\/www.service-public.fr\/professionnels-entreprises\" target=\"_blank\" rel=\"noopener\">Professionnels<\/a><\/li><\/ul>\t\t\t\t\t\t\t\t<\/div>\n\t\t\t\t<\/div>\n\t\t\t\t<div class=\"elementor-element elementor-element-5a99e15 elementor-widget-divider--view-line elementor-widget elementor-widget-divider\" data-id=\"5a99e15\" data-element_type=\"widget\" data-e-type=\"widget\" data-widget_type=\"divider.default\">\n\t\t\t\t<div class=\"elementor-widget-container\">\n\t\t\t\t\t\t\t<div class=\"elementor-divider\">\n\t\t\t<span class=\"elementor-divider-separator\">\n\t\t\t\t\t\t<\/span>\n\t\t<\/div>\n\t\t\t\t\t\t<\/div>\n\t\t\t\t<\/div>\n\t\t\t\t<div class=\"elementor-element elementor-element-135cce1 elementor-widget elementor-widget-heading\" data-id=\"135cce1\" data-element_type=\"widget\" data-e-type=\"widget\" data-widget_type=\"heading.default\">\n\t\t\t\t<div class=\"elementor-widget-container\">\n\t\t\t\t\t<h2 class=\"elementor-heading-title elementor-size-default\">service-public.fr<\/h2>\t\t\t\t<\/div>\n\t\t\t\t<\/div>\n\t\t\t\t<section class=\"elementor-section elementor-inner-section elementor-element elementor-element-f9ac7c5 elementor-section-boxed elementor-section-height-default elementor-section-height-default\" data-id=\"f9ac7c5\" data-element_type=\"section\" data-e-type=\"section\" data-settings=\"{&quot;background_background&quot;:&quot;classic&quot;,&quot;shape_divider_top&quot;:&quot;mountains&quot;}\">\n\t\t\t\t\t<div class=\"elementor-shape elementor-shape-top\" aria-hidden=\"true\" data-negative=\"false\">\n\t\t\t<svg xmlns=\"http:\/\/www.w3.org\/2000\/svg\" viewBox=\"0 0 1000 100\" preserveAspectRatio=\"none\">\n\t<path class=\"elementor-shape-fill\" opacity=\"0.33\" d=\"M473,67.3c-203.9,88.3-263.1-34-320.3,0C66,119.1,0,59.7,0,59.7V0h1000v59.7 c0,0-62.1,26.1-94.9,29.3c-32.8,3.3-62.8-12.3-75.8-22.1C806,49.6,745.3,8.7,694.9,4.7S492.4,59,473,67.3z\"\/>\n\t<path class=\"elementor-shape-fill\" opacity=\"0.66\" d=\"M734,67.3c-45.5,0-77.2-23.2-129.1-39.1c-28.6-8.7-150.3-10.1-254,39.1 s-91.7-34.4-149.2,0C115.7,118.3,0,39.8,0,39.8V0h1000v36.5c0,0-28.2-18.5-92.1-18.5C810.2,18.1,775.7,67.3,734,67.3z\"\/>\n\t<path class=\"elementor-shape-fill\" d=\"M766.1,28.9c-200-57.5-266,65.5-395.1,19.5C242,1.8,242,5.4,184.8,20.6C128,35.8,132.3,44.9,89.9,52.5C28.6,63.7,0,0,0,0 h1000c0,0-9.9,40.9-83.6,48.1S829.6,47,766.1,28.9z\"\/>\n<\/svg>\t\t<\/div>\n\t\t\t\t\t<div class=\"elementor-container elementor-column-gap-default\">\n\t\t\t\t\t<div class=\"elementor-column elementor-col-50 elementor-inner-column elementor-element elementor-element-1b24039\" data-id=\"1b24039\" data-element_type=\"column\" data-e-type=\"column\">\n\t\t\t<div class=\"elementor-widget-wrap elementor-element-populated\">\n\t\t\t\t\t\t<div class=\"elementor-element elementor-element-b07a3a6 elementor-widget elementor-widget-text-editor\" data-id=\"b07a3a6\" data-element_type=\"widget\" data-e-type=\"widget\" data-widget_type=\"text-editor.default\">\n\t\t\t\t<div class=\"elementor-widget-container\">\n\t\t\t\t\t\t\t\t\t<h3><a href=\"https:\/\/www.service-public.fr\/particuliers\/vosdroits\/N19810\">PAPIERS &#8211; CITOYENNET\u00c9<\/a><\/h3><ul><li><a href=\"https:\/\/www.service-public.fr\/particuliers\/vosdroits\/N359\">\u00c9tat-civil<\/a>,<\/li><li><a href=\"https:\/\/www.service-public.fr\/particuliers\/vosdroits\/N360\">Passeport<\/a>,<\/li><li><a href=\"https:\/\/www.service-public.fr\/particuliers\/vosdroits\/N47\">\u00c9lections<\/a>,<\/li><li><a href=\"https:\/\/www.service-public.fr\/particuliers\/vosdroits\/F19134\">Papiers \u00e0 conserver<\/a>,<\/li><li><a href=\"https:\/\/www.service-public.fr\/particuliers\/vosdroits\/N358\">Carte d&rsquo;identit\u00e9<\/a><\/li><\/ul><h3><a href=\"https:\/\/www.service-public.fr\/particuliers\/vosdroits\/N19811\">SOCIAL &#8211; SANT\u00c9<\/a><\/h3><ul><li><a href=\"https:\/\/www.service-public.fr\/particuliers\/vosdroits\/F265\">Carte vitale<\/a>,<\/li><li><a href=\"https:\/\/www.service-public.fr\/particuliers\/vosdroits\/N549\">Ch\u00f4mage<\/a>,<\/li><li><a href=\"https:\/\/www.service-public.fr\/particuliers\/vosdroits\/N19811\">Handicap<\/a>,<\/li><li><a href=\"https:\/\/www.service-public.fr\/particuliers\/vosdroits\/N19775\"><abbr title=\"revenu de solidarit\u00e9 active\">RSA<\/abbr><\/a>,<\/li><li><a href=\"https:\/\/www.service-public.fr\/particuliers\/vosdroits\/N392\">Personnes \u00e2g\u00e9es<\/a><\/li><\/ul><h3><a href=\"https:\/\/www.service-public.fr\/particuliers\/vosdroits\/N19808\">LOGEMENT<\/a><\/h3><ul><li><a href=\"https:\/\/www.service-public.fr\/particuliers\/vosdroits\/N20360\">Allocations logement<\/a>,<\/li><li><a href=\"https:\/\/www.service-public.fr\/particuliers\/vosdroits\/F1986\">Permis de construire<\/a>,<\/li><li><a href=\"https:\/\/www.service-public.fr\/particuliers\/vosdroits\/F10007\">Logement social<\/a>,<\/li><li><a href=\"https:\/\/www.service-public.fr\/particuliers\/vosdroits\/N339\">Fin de bail<\/a><\/li><\/ul><div class=\"home-theme-item\"><h3><a href=\"https:\/\/www.service-public.fr\/particuliers\/vosdroits\/N19803\">ARGENT<\/a><\/h3><ul><li><a href=\"https:\/\/www.service-public.fr\/particuliers\/vosdroits\/N20373\">Cr\u00e9dit immobilier<\/a>,<\/li><li><a href=\"https:\/\/www.service-public.fr\/particuliers\/vosdroits\/N247\">Imp\u00f4ts<\/a>,<\/li><li><a href=\"https:\/\/www.service-public.fr\/particuliers\/vosdroits\/N19803\">Consommation<\/a>,<\/li><li><a href=\"https:\/\/www.service-public.fr\/particuliers\/vosdroits\/N20376\">Livret\u00a0A<\/a>,<\/li><li><a href=\"https:\/\/www.service-public.fr\/particuliers\/vosdroits\/N19803\">Assurance<\/a>,<\/li><li><a href=\"https:\/\/www.service-public.fr\/particuliers\/vosdroits\/N99\">Surendettement<\/a><\/li><\/ul><\/div><div class=\"home-theme-item\"><h3><a href=\"https:\/\/www.service-public.fr\/particuliers\/vosdroits\/N19807\">JUSTICE<\/a><\/h3><ul><li><a href=\"https:\/\/www.service-public.fr\/particuliers\/vosdroits\/F1420\">Casier judiciaire<\/a>,<\/li><li><a href=\"https:\/\/www.service-public.fr\/particuliers\/vosdroits\/F1435\">Plainte<\/a>,<\/li><li><a href=\"https:\/\/www.service-public.fr\/particuliers\/vosdroits\/F18074\">Aide juridictionnelle<\/a>,<\/li><li><a href=\"https:\/\/www.service-public.fr\/particuliers\/vosdroits\/N277\">Saisie<\/a><\/li><\/ul><\/div><div class=\"home-theme-item\">\u00a0<\/div><div class=\"home-theme-item\">\u00a0<\/div>\t\t\t\t\t\t\t\t<\/div>\n\t\t\t\t<\/div>\n\t\t\t\t\t<\/div>\n\t\t<\/div>\n\t\t\t\t<div class=\"elementor-column elementor-col-50 elementor-inner-column elementor-element elementor-element-98d8e4f\" data-id=\"98d8e4f\" data-element_type=\"column\" data-e-type=\"column\">\n\t\t\t<div class=\"elementor-widget-wrap elementor-element-populated\">\n\t\t\t\t\t\t<div class=\"elementor-element elementor-element-74be00b elementor-widget elementor-widget-text-editor\" data-id=\"74be00b\" data-element_type=\"widget\" data-e-type=\"widget\" data-widget_type=\"text-editor.default\">\n\t\t\t\t<div class=\"elementor-widget-container\">\n\t\t\t\t\t\t\t\t\t<h3><a href=\"https:\/\/www.service-public.fr\/particuliers\/vosdroits\/N19805\">FAMILLE<\/a><\/h3><ul><li><a href=\"https:\/\/www.service-public.fr\/particuliers\/vosdroits\/N156\">Allocations familiales<\/a>,<\/li><li><a href=\"https:\/\/www.service-public.fr\/particuliers\/vosdroits\/N15660\">Naissance<\/a>,<\/li><li><a href=\"https:\/\/www.service-public.fr\/particuliers\/vosdroits\/N142\">Mariage<\/a>,<\/li><li><a href=\"https:\/\/www.service-public.fr\/particuliers\/vosdroits\/N144\"><abbr title=\"pacte civil de solidarit\u00e9\">Pacs<\/abbr><\/a>,<\/li><li><a href=\"https:\/\/www.service-public.fr\/particuliers\/vosdroits\/N54\">Scolarit\u00e9<\/a><\/li><\/ul><h3><a href=\"https:\/\/www.service-public.fr\/particuliers\/vosdroits\/N19806\">TRAVAIL<\/a><\/h3><ul><li><a href=\"https:\/\/www.service-public.fr\/particuliers\/vosdroits\/N19871\"><abbr title=\"contrat \u00e0 dur\u00e9e d\u00e9termin\u00e9e\">CDD<\/abbr><\/a>,<\/li><li><a href=\"https:\/\/www.service-public.fr\/particuliers\/vosdroits\/F13971\">Concours<\/a>,<\/li><li><a href=\"https:\/\/www.service-public.fr\/particuliers\/vosdroits\/N381\">Retraite<\/a>,<\/li><li><a href=\"https:\/\/www.service-public.fr\/particuliers\/vosdroits\/N19611\">D\u00e9mission<\/a>,<\/li><li><a href=\"https:\/\/www.service-public.fr\/particuliers\/vosdroits\/F1643\">P\u00e9riode d&rsquo;essai<\/a><\/li><\/ul><h3><a href=\"https:\/\/www.service-public.fr\/particuliers\/vosdroits\/N19812\">TRANSPORTS<\/a><\/h3><ul><li><a href=\"https:\/\/www.service-public.fr\/particuliers\/vosdroits\/N367\">Carte grise<\/a>,<\/li><li><a href=\"https:\/\/www.service-public.fr\/particuliers\/vosdroits\/N530\">Permis de conduire<\/a>,<\/li><li><a href=\"https:\/\/www.service-public.fr\/particuliers\/vosdroits\/N31200\">Contr\u00f4le technique<\/a>,<\/li><li><a href=\"https:\/\/www.service-public.fr\/particuliers\/vosdroits\/N18918\">Infractions<\/a><\/li><\/ul><div class=\"home-theme-item\"><h3><a href=\"https:\/\/www.service-public.fr\/particuliers\/vosdroits\/N19804\">\u00c9TRANGER<\/a><\/h3><ul><li><a href=\"https:\/\/www.service-public.fr\/particuliers\/vosdroits\/N110\">Titres de s\u00e9jour<\/a>,<\/li><li><a href=\"https:\/\/www.service-public.fr\/particuliers\/vosdroits\/F2191\">Attestation d\u2019accueil<\/a>,<\/li><li><a href=\"https:\/\/www.service-public.fr\/particuliers\/vosdroits\/N11165\">Regroupement familial<\/a><\/li><\/ul><\/div><div class=\"home-theme-item\"><h3><a href=\"https:\/\/www.service-public.fr\/particuliers\/vosdroits\/N19809\">LOISIRS<\/a><\/h3><ul><li><a href=\"https:\/\/www.service-public.fr\/particuliers\/vosdroits\/N18944\">Animaux<\/a>,<\/li><li><a href=\"https:\/\/www.service-public.fr\/particuliers\/vosdroits\/N550\">Permis bateau<\/a>,<\/li><li><a href=\"https:\/\/www.service-public.fr\/particuliers\/vosdroits\/N19104\">Tourisme<\/a>,<\/li><li><a href=\"https:\/\/www.service-public.fr\/particuliers\/vosdroits\/N553\">Permis de chasser<\/a><\/li><\/ul><\/div>\t\t\t\t\t\t\t\t<\/div>\n\t\t\t\t<\/div>\n\t\t\t\t\t<\/div>\n\t\t<\/div>\n\t\t\t\t\t<\/div>\n\t\t<\/section>\n\t\t\t\t<div class=\"elementor-element elementor-element-c5bd129 elementor-widget-divider--view-line elementor-widget elementor-widget-divider\" data-id=\"c5bd129\" data-element_type=\"widget\" data-e-type=\"widget\" data-widget_type=\"divider.default\">\n\t\t\t\t<div class=\"elementor-widget-container\">\n\t\t\t\t\t\t\t<div class=\"elementor-divider\">\n\t\t\t<span class=\"elementor-divider-separator\">\n\t\t\t\t\t\t<\/span>\n\t\t<\/div>\n\t\t\t\t\t\t<\/div>\n\t\t\t\t<\/div>\n\t\t\t\t<div class=\"elementor-element elementor-element-0419ca3 elementor-widget elementor-widget-heading\" data-id=\"0419ca3\" data-element_type=\"widget\" data-e-type=\"widget\" data-widget_type=\"heading.default\">\n\t\t\t\t<div class=\"elementor-widget-container\">\n\t\t\t\t\t<h2 class=\"elementor-heading-title elementor-size-default\">Les aides de la communaut\u00e9 de communes des rives de moselle<\/h2>\t\t\t\t<\/div>\n\t\t\t\t<\/div>\n\t\t\t\t<div class=\"elementor-element elementor-element-93a2798 elementor-widget elementor-widget-text-editor\" data-id=\"93a2798\" data-element_type=\"widget\" data-e-type=\"widget\" data-widget_type=\"text-editor.default\">\n\t\t\t\t<div class=\"elementor-widget-container\">\n\t\t\t\t\t\t\t\t\t<h2>Habitat<\/h2><p>La Communaut\u00e9 de Communes Rives de Moselle poursuit son dispositif\u00a0<span class=\"word4\">d\u2019aides<\/span>\u00a0<span class=\"word5\">\u00e0<\/span>\u00a0<span class=\"word6\">l\u2019am\u00e9lioration<\/span>\u00a0<span class=\"word7\">de<\/span>\u00a0<span class=\"word8\">l\u2019habitat.<\/span><\/p><p>Vous trouverez plus d&rsquo;informations sur le site de la communaut\u00e9 de Communes.<\/p><p>C&rsquo;est <a href=\"http:\/\/www.rivesdemoselle.fr\/-Travaux-d-amelioration-de-l-.html\" target=\"_blank\" rel=\"noreferrer noopener\">\u00ab\u00a0ici\u00a0\u00bb\u00a0<\/a>!!!<\/p>\t\t\t\t\t\t\t\t<\/div>\n\t\t\t\t<\/div>\n\t\t\t\t\t<\/div>\n\t\t<\/div>\n\t\t\t\t\t<\/div>\n\t\t<\/section>\n\t\t\t\t<\/div>\n\t\t","protected":false},"excerpt":{"rendered":"<p>Les d\u00e9marches administratives en ligne Voici les liens vers les services de l&rsquo;\u00e9tat: ( site officiel\u00a0service-public.fr ) Particuliers Associations Professionnels service-public.fr PAPIERS &#8211; CITOYENNET\u00c9 \u00c9tat-civil, Passeport, \u00c9lections, Papiers \u00e0 conserver, Carte d&rsquo;identit\u00e9 SOCIAL &#8211; SANT\u00c9 Carte vitale, Ch\u00f4mage, Handicap, RSA, Personnes \u00e2g\u00e9es LOGEMENT Allocations logement, Permis de construire, Logement social, Fin de bail ARGENT Cr\u00e9dit &#8230; <a title=\"D\u00e9marches Administratives\" class=\"read-more\" href=\"https:\/\/villagedefeves.fr\/?page_id=13195\" aria-label=\"En savoir plus sur D\u00e9marches Administratives\">Lire la suite<\/a><\/p>\n","protected":false},"author":1,"featured_media":0,"parent":0,"menu_order":0,"comment_status":"closed","ping_status":"closed","template":"","meta":{"footnotes":""},"class_list":["post-13195","page","type-page","status-publish"],"_links":{"self":[{"href":"https:\/\/villagedefeves.fr\/index.php?rest_route=\/wp\/v2\/pages\/13195","targetHints":{"allow":["GET"]}}],"collection":[{"href":"https:\/\/villagedefeves.fr\/index.php?rest_route=\/wp\/v2\/pages"}],"about":[{"href":"https:\/\/villagedefeves.fr\/index.php?rest_route=\/wp\/v2\/types\/page"}],"author":[{"embeddable":true,"href":"https:\/\/villagedefeves.fr\/index.php?rest_route=\/wp\/v2\/users\/1"}],"replies":[{"embeddable":true,"href":"https:\/\/villagedefeves.fr\/index.php?rest_route=%2Fwp%2Fv2%2Fcomments&post=13195"}],"version-history":[{"count":6,"href":"https:\/\/villagedefeves.fr\/index.php?rest_route=\/wp\/v2\/pages\/13195\/revisions"}],"predecessor-version":[{"id":15003,"href":"https:\/\/villagedefeves.fr\/index.php?rest_route=\/wp\/v2\/pages\/13195\/revisions\/15003"}],"wp:attachment":[{"href":"https:\/\/villagedefeves.fr\/index.php?rest_route=%2Fwp%2Fv2%2Fmedia&parent=13195"}],"curies":[{"name":"wp","href":"https:\/\/api.w.org\/{rel}","templated":true}]}}