{"id":13156,"date":"2020-07-03T16:09:04","date_gmt":"2020-07-03T14:09:04","guid":{"rendered":"https:\/\/villagedefeves.fr\/?page_id=13156"},"modified":"2024-12-13T21:02:36","modified_gmt":"2024-12-13T20:02:36","slug":"salle-des-fetes","status":"publish","type":"page","link":"https:\/\/villagedefeves.fr\/?page_id=13156","title":{"rendered":"Salle des f\u00eates"},"content":{"rendered":"\t\t<div data-elementor-type=\"wp-page\" data-elementor-id=\"13156\" class=\"elementor elementor-13156\">\n\t\t\t\t\t\t<section class=\"elementor-section elementor-top-section elementor-element elementor-element-2195a7f elementor-section-boxed elementor-section-height-default elementor-section-height-default\" data-id=\"2195a7f\" data-element_type=\"section\" data-e-type=\"section\">\n\t\t\t\t\t\t<div class=\"elementor-container elementor-column-gap-default\">\n\t\t\t\t\t<div class=\"elementor-column elementor-col-100 elementor-top-column elementor-element elementor-element-dcff3d3\" data-id=\"dcff3d3\" data-element_type=\"column\" data-e-type=\"column\">\n\t\t\t<div class=\"elementor-widget-wrap elementor-element-populated\">\n\t\t\t\t\t\t<div class=\"elementor-element elementor-element-9e5b2f9 elementor-alert-info elementor-widget elementor-widget-alert\" data-id=\"9e5b2f9\" data-element_type=\"widget\" data-e-type=\"widget\" data-widget_type=\"alert.default\">\n\t\t\t\t<div class=\"elementor-widget-container\">\n\t\t\t\t\t\t\t<div class=\"elementor-alert\" role=\"alert\">\n\n\t\t\t\t\t\t<span class=\"elementor-alert-title\">Information<\/span>\n\t\t\t\n\t\t\t\t\t\t<span class=\"elementor-alert-description\">Les r\u00e9servations de la salle des f\u00eates sont d\u00e9sormais possibles.<\/span>\n\t\t\t\n\t\t\t\n\t\t<\/div>\n\t\t\t\t\t\t<\/div>\n\t\t\t\t<\/div>\n\t\t\t\t<div class=\"elementor-element elementor-element-8f5ebee elementor-widget elementor-widget-heading\" data-id=\"8f5ebee\" data-element_type=\"widget\" data-e-type=\"widget\" data-widget_type=\"heading.default\">\n\t\t\t\t<div class=\"elementor-widget-container\">\n\t\t\t\t\t<h1 class=\"elementor-heading-title elementor-size-default\">Salle des F\u00eates<\/h1>\t\t\t\t<\/div>\n\t\t\t\t<\/div>\n\t\t\t\t<div class=\"elementor-element elementor-element-fb73f2e elementor-widget-divider--view-line elementor-widget elementor-widget-divider\" data-id=\"fb73f2e\" data-element_type=\"widget\" data-e-type=\"widget\" data-widget_type=\"divider.default\">\n\t\t\t\t<div class=\"elementor-widget-container\">\n\t\t\t\t\t\t\t<div class=\"elementor-divider\">\n\t\t\t<span class=\"elementor-divider-separator\">\n\t\t\t\t\t\t<\/span>\n\t\t<\/div>\n\t\t\t\t\t\t<\/div>\n\t\t\t\t<\/div>\n\t\t\t\t<div class=\"elementor-element elementor-element-8b34803 elementor-widget elementor-widget-text-editor\" data-id=\"8b34803\" data-element_type=\"widget\" data-e-type=\"widget\" data-widget_type=\"text-editor.default\">\n\t\t\t\t<div class=\"elementor-widget-container\">\n\t\t\t\t\t\t\t\t\t<p>Localisation:<\/p>\t\t\t\t\t\t\t\t<\/div>\n\t\t\t\t<\/div>\n\t\t\t\t<div class=\"elementor-element elementor-element-724f1dc elementor-widget elementor-widget-google_maps\" data-id=\"724f1dc\" data-element_type=\"widget\" data-e-type=\"widget\" data-widget_type=\"google_maps.default\">\n\t\t\t\t<div class=\"elementor-widget-container\">\n\t\t\t\t\t\t\t<div class=\"elementor-custom-embed\">\n\t\t\t<iframe loading=\"lazy\"\n\t\t\t\t\tsrc=\"https:\/\/maps.google.com\/maps?q=Salle%20des%20F%C3%AAtes%20de%20F%C3%A8ves%2C%20Rue%20frere%20Laurent%2C%20Feves&#038;t=m&#038;z=15&#038;output=embed&#038;iwloc=near\"\n\t\t\t\t\ttitle=\"Salle des F\u00eates de F\u00e8ves, Rue frere Laurent, Feves\"\n\t\t\t\t\taria-label=\"Salle des F\u00eates de F\u00e8ves, Rue frere Laurent, Feves\"\n\t\t\t><\/iframe>\n\t\t<\/div>\n\t\t\t\t\t\t<\/div>\n\t\t\t\t<\/div>\n\t\t\t\t\t<\/div>\n\t\t<\/div>\n\t\t\t\t\t<\/div>\n\t\t<\/section>\n\t\t\t\t<section class=\"elementor-section elementor-top-section elementor-element elementor-element-3681a6a elementor-section-boxed elementor-section-height-default elementor-section-height-default\" data-id=\"3681a6a\" data-element_type=\"section\" data-e-type=\"section\">\n\t\t\t\t\t\t<div class=\"elementor-container elementor-column-gap-default\">\n\t\t\t\t\t<div class=\"elementor-column elementor-col-33 elementor-top-column elementor-element elementor-element-9a7dc9a\" data-id=\"9a7dc9a\" data-element_type=\"column\" data-e-type=\"column\">\n\t\t\t<div class=\"elementor-widget-wrap elementor-element-populated\">\n\t\t\t\t\t\t<div class=\"elementor-element elementor-element-2ab698a eael-infobox-content-align--center eael-infobox-icon-bg-shape-none eael-infobox-icon-hover-bg-shape-none elementor-widget elementor-widget-eael-info-box\" data-id=\"2ab698a\" data-element_type=\"widget\" data-e-type=\"widget\" data-widget_type=\"eael-info-box.default\">\n\t\t\t\t<div class=\"elementor-widget-container\">\n\t\t\t\t\t            <a href=\"http:\/\/\">\n\t            <div class=\"eael-infobox icon-on-top\">\n\t            <div class=\"infobox-icon eael-icon-only\">\n\n            \n                            <div class=\"infobox-icon-wrap\">\n                    <i aria-hidden=\"true\" class=\"fas fa-mail-bulk\"><\/i>                <\/div>\n            \n            \n        <\/div>\n            <div class=\"infobox-content eael-icon-only\">\n                    <div class=\"infobox-title-section\">\n                <h2 class=\"title\">Contact par mail<\/h2>            <\/div>\n            <div><p><a href=\"mailto:mairie@villagedefeves.fr?subject=SalleDesFetes\">mairie@villagedefeves.fr<\/a><\/p><\/div>        <\/div>\n            <\/div>\n\n\t\t            <\/a>\n\t\t\t\t\t\t<\/div>\n\t\t\t\t<\/div>\n\t\t\t\t\t<\/div>\n\t\t<\/div>\n\t\t\t\t<div class=\"elementor-column elementor-col-33 elementor-top-column elementor-element elementor-element-4a3e63c\" data-id=\"4a3e63c\" data-element_type=\"column\" data-e-type=\"column\">\n\t\t\t<div class=\"elementor-widget-wrap elementor-element-populated\">\n\t\t\t\t\t\t<div class=\"elementor-element elementor-element-7a668c5 eael-infobox-content-align--center eael-infobox-icon-bg-shape-none eael-infobox-icon-hover-bg-shape-none elementor-widget elementor-widget-eael-info-box\" data-id=\"7a668c5\" data-element_type=\"widget\" data-e-type=\"widget\" data-widget_type=\"eael-info-box.default\">\n\t\t\t\t<div class=\"elementor-widget-container\">\n\t\t\t\t\t        <div class=\"eael-infobox icon-on-top\">\n\t            <div class=\"infobox-icon eael-icon-only\">\n\n            \n                            <div class=\"infobox-icon-wrap\">\n                    <i aria-hidden=\"true\" class=\"fas fa-phone-square-alt\"><\/i>                <\/div>\n            \n            \n        <\/div>\n            <div class=\"infobox-content eael-icon-only\">\n                    <div class=\"infobox-title-section\">\n                <h2 class=\"title\">Contact par t\u00e9l\u00e9phone<\/h2>            <\/div>\n            <div><a href=\"\/\/+33387511428\">0387511428<\/a><\/div>        <\/div>\n            <\/div>\n\n\t\t\t\t\t\t<\/div>\n\t\t\t\t<\/div>\n\t\t\t\t\t<\/div>\n\t\t<\/div>\n\t\t\t\t<div class=\"elementor-column elementor-col-33 elementor-top-column elementor-element elementor-element-03a0eda\" data-id=\"03a0eda\" data-element_type=\"column\" data-e-type=\"column\">\n\t\t\t<div class=\"elementor-widget-wrap elementor-element-populated\">\n\t\t\t\t\t\t<div class=\"elementor-element elementor-element-130bf27 elementor-align-center elementor-widget__width-auto elementor-invisible elementor-widget elementor-widget-button\" data-id=\"130bf27\" data-element_type=\"widget\" data-e-type=\"widget\" data-settings=\"{&quot;_animation&quot;:&quot;rubberBand&quot;}\" data-widget_type=\"button.default\">\n\t\t\t\t<div class=\"elementor-widget-container\">\n\t\t\t\t\t\t\t\t\t<div class=\"elementor-button-wrapper\">\n\t\t\t\t\t<a class=\"elementor-button elementor-button-link elementor-size-sm\" href=\"https:\/\/villagedefeves.fr\/wordpress\/wp-content\/uploads\/2024\/12\/TARIFS-SDF-2024.pdf\" target=\"_blank\">\n\t\t\t\t\t\t<span class=\"elementor-button-content-wrapper\">\n\t\t\t\t\t\t\t\t\t<span class=\"elementor-button-text\">Prix r\u00e9servation 2024<\/span>\n\t\t\t\t\t<\/span>\n\t\t\t\t\t<\/a>\n\t\t\t\t<\/div>\n\t\t\t\t\t\t\t\t<\/div>\n\t\t\t\t<\/div>\n\t\t\t\t\t<\/div>\n\t\t<\/div>\n\t\t\t\t\t<\/div>\n\t\t<\/section>\n\t\t\t\t<section class=\"elementor-section elementor-top-section elementor-element elementor-element-8cbcbca elementor-section-boxed elementor-section-height-default elementor-section-height-default\" data-id=\"8cbcbca\" data-element_type=\"section\" data-e-type=\"section\">\n\t\t\t\t\t\t<div class=\"elementor-container elementor-column-gap-default\">\n\t\t\t\t\t<div class=\"elementor-column elementor-col-100 elementor-top-column elementor-element elementor-element-fe4916a\" data-id=\"fe4916a\" data-element_type=\"column\" data-e-type=\"column\">\n\t\t\t<div class=\"elementor-widget-wrap elementor-element-populated\">\n\t\t\t\t\t\t<div class=\"elementor-element elementor-element-b95cbf9 elementor-widget elementor-widget-image-gallery\" data-id=\"b95cbf9\" data-element_type=\"widget\" data-e-type=\"widget\" data-widget_type=\"image-gallery.default\">\n\t\t\t\t<div class=\"elementor-widget-container\">\n\t\t\t\t\t\t\t<div class=\"elementor-image-gallery\">\n\t\t\t<div id='gallery-1' class='gallery galleryid-13156 gallery-columns-2 gallery-size-thumbnail'><figure class='gallery-item'>\n\t\t\t<div class='gallery-icon landscape'>\n\t\t\t\t<a data-elementor-open-lightbox=\"yes\" data-elementor-lightbox-slideshow=\"b95cbf9\" data-elementor-lightbox-title=\"entr\u00e9e\" data-e-action-hash=\"#elementor-action%3Aaction%3Dlightbox%26settings%3DeyJpZCI6MTQyNDIsInVybCI6Imh0dHBzOlwvXC92aWxsYWdlZGVmZXZlcy5mclwvd29yZHByZXNzXC93cC1jb250ZW50XC91cGxvYWRzXC8yMDIxXC8xMFwvZW50cmVlLmpwZyIsInNsaWRlc2hvdyI6ImI5NWNiZjkifQ%3D%3D\" href='https:\/\/villagedefeves.fr\/wordpress\/wp-content\/uploads\/2021\/10\/entree.jpg'><img decoding=\"async\" width=\"150\" height=\"150\" src=\"https:\/\/villagedefeves.fr\/wordpress\/wp-content\/uploads\/2021\/10\/entree-150x150.jpg\" class=\"attachment-thumbnail size-thumbnail\" alt=\"\" \/><\/a>\n\t\t\t<\/div><\/figure><figure class='gallery-item'>\n\t\t\t<div class='gallery-icon landscape'>\n\t\t\t\t<a data-elementor-open-lightbox=\"yes\" data-elementor-lightbox-slideshow=\"b95cbf9\" data-elementor-lightbox-title=\"hall\" data-e-action-hash=\"#elementor-action%3Aaction%3Dlightbox%26settings%3DeyJpZCI6MTQyNDQsInVybCI6Imh0dHBzOlwvXC92aWxsYWdlZGVmZXZlcy5mclwvd29yZHByZXNzXC93cC1jb250ZW50XC91cGxvYWRzXC8yMDIxXC8xMFwvaGFsbC5qcGciLCJzbGlkZXNob3ciOiJiOTVjYmY5In0%3D\" href='https:\/\/villagedefeves.fr\/wordpress\/wp-content\/uploads\/2021\/10\/hall.jpg'><img decoding=\"async\" width=\"150\" height=\"150\" src=\"https:\/\/villagedefeves.fr\/wordpress\/wp-content\/uploads\/2021\/10\/hall-150x150.jpg\" class=\"attachment-thumbnail size-thumbnail\" alt=\"\" \/><\/a>\n\t\t\t<\/div><\/figure><figure class='gallery-item'>\n\t\t\t<div class='gallery-icon landscape'>\n\t\t\t\t<a data-elementor-open-lightbox=\"yes\" data-elementor-lightbox-slideshow=\"b95cbf9\" data-elementor-lightbox-title=\"gs et ps ouest paroi ouverte\" data-e-action-hash=\"#elementor-action%3Aaction%3Dlightbox%26settings%3DeyJpZCI6MTQyNDMsInVybCI6Imh0dHBzOlwvXC92aWxsYWdlZGVmZXZlcy5mclwvd29yZHByZXNzXC93cC1jb250ZW50XC91cGxvYWRzXC8yMDIxXC8xMFwvZ3MtZXQtcHMtb3Vlc3QtcGFyb2ktb3V2ZXJ0ZS5qcGciLCJzbGlkZXNob3ciOiJiOTVjYmY5In0%3D\" href='https:\/\/villagedefeves.fr\/wordpress\/wp-content\/uploads\/2021\/10\/gs-et-ps-ouest-paroi-ouverte.jpg'><img decoding=\"async\" width=\"150\" height=\"150\" src=\"https:\/\/villagedefeves.fr\/wordpress\/wp-content\/uploads\/2021\/10\/gs-et-ps-ouest-paroi-ouverte-150x150.jpg\" class=\"attachment-thumbnail size-thumbnail\" alt=\"\" \/><\/a>\n\t\t\t<\/div><\/figure><figure class='gallery-item'>\n\t\t\t<div class='gallery-icon landscape'>\n\t\t\t\t<a data-elementor-open-lightbox=\"yes\" data-elementor-lightbox-slideshow=\"b95cbf9\" data-elementor-lightbox-title=\"ps ouest et gs paroi ouverte\" data-e-action-hash=\"#elementor-action%3Aaction%3Dlightbox%26settings%3DeyJpZCI6MTQyNDYsInVybCI6Imh0dHBzOlwvXC92aWxsYWdlZGVmZXZlcy5mclwvd29yZHByZXNzXC93cC1jb250ZW50XC91cGxvYWRzXC8yMDIxXC8xMFwvcHMtb3Vlc3QtZXQtZ3MtcGFyb2ktb3V2ZXJ0ZS5qcGciLCJzbGlkZXNob3ciOiJiOTVjYmY5In0%3D\" href='https:\/\/villagedefeves.fr\/wordpress\/wp-content\/uploads\/2021\/10\/ps-ouest-et-gs-paroi-ouverte.jpg'><img loading=\"lazy\" decoding=\"async\" width=\"150\" height=\"150\" src=\"https:\/\/villagedefeves.fr\/wordpress\/wp-content\/uploads\/2021\/10\/ps-ouest-et-gs-paroi-ouverte-150x150.jpg\" class=\"attachment-thumbnail size-thumbnail\" alt=\"\" \/><\/a>\n\t\t\t<\/div><\/figure><figure class='gallery-item'>\n\t\t\t<div class='gallery-icon landscape'>\n\t\t\t\t<a data-elementor-open-lightbox=\"yes\" data-elementor-lightbox-slideshow=\"b95cbf9\" data-elementor-lightbox-title=\"ps ouest\" data-e-action-hash=\"#elementor-action%3Aaction%3Dlightbox%26settings%3DeyJpZCI6MTQyNDcsInVybCI6Imh0dHBzOlwvXC92aWxsYWdlZGVmZXZlcy5mclwvd29yZHByZXNzXC93cC1jb250ZW50XC91cGxvYWRzXC8yMDIxXC8xMFwvcHMtb3Vlc3QuanBnIiwic2xpZGVzaG93IjoiYjk1Y2JmOSJ9\" href='https:\/\/villagedefeves.fr\/wordpress\/wp-content\/uploads\/2021\/10\/ps-ouest.jpg'><img loading=\"lazy\" decoding=\"async\" width=\"150\" height=\"150\" src=\"https:\/\/villagedefeves.fr\/wordpress\/wp-content\/uploads\/2021\/10\/ps-ouest-150x150.jpg\" class=\"attachment-thumbnail size-thumbnail\" alt=\"\" \/><\/a>\n\t\t\t<\/div><\/figure><figure class='gallery-item'>\n\t\t\t<div class='gallery-icon landscape'>\n\t\t\t\t<a data-elementor-open-lightbox=\"yes\" data-elementor-lightbox-slideshow=\"b95cbf9\" data-elementor-lightbox-title=\"terrasse gs\" data-e-action-hash=\"#elementor-action%3Aaction%3Dlightbox%26settings%3DeyJpZCI6MTQyNDgsInVybCI6Imh0dHBzOlwvXC92aWxsYWdlZGVmZXZlcy5mclwvd29yZHByZXNzXC93cC1jb250ZW50XC91cGxvYWRzXC8yMDIxXC8xMFwvdGVycmFzc2UtZ3MuanBnIiwic2xpZGVzaG93IjoiYjk1Y2JmOSJ9\" href='https:\/\/villagedefeves.fr\/wordpress\/wp-content\/uploads\/2021\/10\/terrasse-gs.jpg'><img loading=\"lazy\" decoding=\"async\" width=\"150\" height=\"150\" src=\"https:\/\/villagedefeves.fr\/wordpress\/wp-content\/uploads\/2021\/10\/terrasse-gs-150x150.jpg\" class=\"attachment-thumbnail size-thumbnail\" alt=\"\" \/><\/a>\n\t\t\t<\/div><\/figure><figure class='gallery-item'>\n\t\t\t<div class='gallery-icon landscape'>\n\t\t\t\t<a data-elementor-open-lightbox=\"yes\" data-elementor-lightbox-slideshow=\"b95cbf9\" data-elementor-lightbox-title=\"terrasse ps ouest\" data-e-action-hash=\"#elementor-action%3Aaction%3Dlightbox%26settings%3DeyJpZCI6MTQyNDksInVybCI6Imh0dHBzOlwvXC92aWxsYWdlZGVmZXZlcy5mclwvd29yZHByZXNzXC93cC1jb250ZW50XC91cGxvYWRzXC8yMDIxXC8xMFwvdGVycmFzc2UtcHMtb3Vlc3QuanBnIiwic2xpZGVzaG93IjoiYjk1Y2JmOSJ9\" href='https:\/\/villagedefeves.fr\/wordpress\/wp-content\/uploads\/2021\/10\/terrasse-ps-ouest.jpg'><img loading=\"lazy\" decoding=\"async\" width=\"150\" height=\"150\" src=\"https:\/\/villagedefeves.fr\/wordpress\/wp-content\/uploads\/2021\/10\/terrasse-ps-ouest-150x150.jpg\" class=\"attachment-thumbnail size-thumbnail\" alt=\"\" \/><\/a>\n\t\t\t<\/div><\/figure><figure class='gallery-item'>\n\t\t\t<div class='gallery-icon landscape'>\n\t\t\t\t<a data-elementor-open-lightbox=\"yes\" data-elementor-lightbox-slideshow=\"b95cbf9\" data-elementor-lightbox-title=\"plonge\" data-e-action-hash=\"#elementor-action%3Aaction%3Dlightbox%26settings%3DeyJpZCI6MTQyNDUsInVybCI6Imh0dHBzOlwvXC92aWxsYWdlZGVmZXZlcy5mclwvd29yZHByZXNzXC93cC1jb250ZW50XC91cGxvYWRzXC8yMDIxXC8xMFwvcGxvbmdlLmpwZyIsInNsaWRlc2hvdyI6ImI5NWNiZjkifQ%3D%3D\" href='https:\/\/villagedefeves.fr\/wordpress\/wp-content\/uploads\/2021\/10\/plonge.jpg'><img loading=\"lazy\" decoding=\"async\" width=\"150\" height=\"150\" src=\"https:\/\/villagedefeves.fr\/wordpress\/wp-content\/uploads\/2021\/10\/plonge-150x150.jpg\" class=\"attachment-thumbnail size-thumbnail\" alt=\"\" \/><\/a>\n\t\t\t<\/div><\/figure><figure class='gallery-item'>\n\t\t\t<div class='gallery-icon landscape'>\n\t\t\t\t<a data-elementor-open-lightbox=\"yes\" data-elementor-lightbox-slideshow=\"b95cbf9\" data-elementor-lightbox-title=\"bar\" data-e-action-hash=\"#elementor-action%3Aaction%3Dlightbox%26settings%3DeyJpZCI6MTQyNTAsInVybCI6Imh0dHBzOlwvXC92aWxsYWdlZGVmZXZlcy5mclwvd29yZHByZXNzXC93cC1jb250ZW50XC91cGxvYWRzXC8yMDIxXC8xMFwvYmFyLmpwZyIsInNsaWRlc2hvdyI6ImI5NWNiZjkifQ%3D%3D\" href='https:\/\/villagedefeves.fr\/wordpress\/wp-content\/uploads\/2021\/10\/bar.jpg'><img loading=\"lazy\" decoding=\"async\" width=\"150\" height=\"150\" src=\"https:\/\/villagedefeves.fr\/wordpress\/wp-content\/uploads\/2021\/10\/bar-150x150.jpg\" class=\"attachment-thumbnail size-thumbnail\" alt=\"\" \/><\/a>\n\t\t\t<\/div><\/figure><figure class='gallery-item'>\n\t\t\t<div class='gallery-icon landscape'>\n\t\t\t\t<a data-elementor-open-lightbox=\"yes\" data-elementor-lightbox-slideshow=\"b95cbf9\" data-elementor-lightbox-title=\"cuisine\" data-e-action-hash=\"#elementor-action%3Aaction%3Dlightbox%26settings%3DeyJpZCI6MTQyNTEsInVybCI6Imh0dHBzOlwvXC92aWxsYWdlZGVmZXZlcy5mclwvd29yZHByZXNzXC93cC1jb250ZW50XC91cGxvYWRzXC8yMDIxXC8xMFwvY3Vpc2luZS5qcGciLCJzbGlkZXNob3ciOiJiOTVjYmY5In0%3D\" href='https:\/\/villagedefeves.fr\/wordpress\/wp-content\/uploads\/2021\/10\/cuisine.jpg'><img loading=\"lazy\" decoding=\"async\" width=\"150\" height=\"150\" src=\"https:\/\/villagedefeves.fr\/wordpress\/wp-content\/uploads\/2021\/10\/cuisine-150x150.jpg\" class=\"attachment-thumbnail size-thumbnail\" alt=\"\" \/><\/a>\n\t\t\t<\/div><\/figure>\n\t\t<\/div>\n\t\t<\/div>\n\t\t\t\t\t\t<\/div>\n\t\t\t\t<\/div>\n\t\t\t\t\t<\/div>\n\t\t<\/div>\n\t\t\t\t\t<\/div>\n\t\t<\/section>\n\t\t\t\t<\/div>\n\t\t","protected":false},"excerpt":{"rendered":"<p>Information Les r\u00e9servations de la salle des f\u00eates sont d\u00e9sormais possibles. Salle des F\u00eates Localisation: Contact par mail mairie@villagedefeves.fr Contact par t\u00e9l\u00e9phone 0387511428 Prix r\u00e9servation 2024<\/p>\n","protected":false},"author":1,"featured_media":0,"parent":0,"menu_order":0,"comment_status":"closed","ping_status":"closed","template":"","meta":{"footnotes":""},"class_list":["post-13156","page","type-page","status-publish"],"_links":{"self":[{"href":"https:\/\/villagedefeves.fr\/index.php?rest_route=\/wp\/v2\/pages\/13156","targetHints":{"allow":["GET"]}}],"collection":[{"href":"https:\/\/villagedefeves.fr\/index.php?rest_route=\/wp\/v2\/pages"}],"about":[{"href":"https:\/\/villagedefeves.fr\/index.php?rest_route=\/wp\/v2\/types\/page"}],"author":[{"embeddable":true,"href":"https:\/\/villagedefeves.fr\/index.php?rest_route=\/wp\/v2\/users\/1"}],"replies":[{"embeddable":true,"href":"https:\/\/villagedefeves.fr\/index.php?rest_route=%2Fwp%2Fv2%2Fcomments&post=13156"}],"version-history":[{"count":18,"href":"https:\/\/villagedefeves.fr\/index.php?rest_route=\/wp\/v2\/pages\/13156\/revisions"}],"predecessor-version":[{"id":14984,"href":"https:\/\/villagedefeves.fr\/index.php?rest_route=\/wp\/v2\/pages\/13156\/revisions\/14984"}],"wp:attachment":[{"href":"https:\/\/villagedefeves.fr\/index.php?rest_route=%2Fwp%2Fv2%2Fmedia&parent=13156"}],"curies":[{"name":"wp","href":"https:\/\/api.w.org\/{rel}","templated":true}]}}