{"id":13123,"date":"2020-06-29T15:05:56","date_gmt":"2020-06-29T13:05:56","guid":{"rendered":"https:\/\/villagedefeves.fr\/?page_id=13123"},"modified":"2022-09-25T17:20:30","modified_gmt":"2022-09-25T15:20:30","slug":"periscolaire","status":"publish","type":"page","link":"https:\/\/villagedefeves.fr\/?page_id=13123","title":{"rendered":"P\u00e9riscolaire"},"content":{"rendered":"\t\t<div data-elementor-type=\"wp-page\" data-elementor-id=\"13123\" class=\"elementor elementor-13123\">\n\t\t\t\t\t\t<section class=\"elementor-section elementor-top-section elementor-element elementor-element-1f8fc2f elementor-section-boxed elementor-section-height-default elementor-section-height-default\" data-id=\"1f8fc2f\" data-element_type=\"section\" data-e-type=\"section\" data-settings=\"{&quot;background_background&quot;:&quot;classic&quot;}\">\n\t\t\t\t\t\t<div class=\"elementor-container elementor-column-gap-default\">\n\t\t\t\t\t<div class=\"elementor-column elementor-col-100 elementor-top-column elementor-element elementor-element-9b19546\" data-id=\"9b19546\" data-element_type=\"column\" data-e-type=\"column\">\n\t\t\t<div class=\"elementor-widget-wrap elementor-element-populated\">\n\t\t\t\t\t\t<div class=\"elementor-element elementor-element-1eef1aa elementor-alert-info elementor-widget elementor-widget-alert\" data-id=\"1eef1aa\" data-element_type=\"widget\" data-e-type=\"widget\" data-widget_type=\"alert.default\">\n\t\t\t\t<div class=\"elementor-widget-container\">\n\t\t\t\t\t\t\t<div class=\"elementor-alert\" role=\"alert\">\n\n\t\t\t\t\t\t<span class=\"elementor-alert-title\">Informations<\/span>\n\t\t\t\n\t\t\t\t\t\t<span class=\"elementor-alert-description\">Retrouvez toute l'actualit\u00e9 p\u00e9riscolaire sur le <a href=\"#\">site d'alys<\/a><\/span>\n\t\t\t\n\t\t\t\n\t\t<\/div>\n\t\t\t\t\t\t<\/div>\n\t\t\t\t<\/div>\n\t\t\t\t<div class=\"elementor-element elementor-element-d6ae5aa eael-infobox-content-align--center eael-infobox-icon-bg-shape-none eael-infobox-icon-hover-bg-shape-none elementor-widget elementor-widget-eael-info-box\" data-id=\"d6ae5aa\" data-element_type=\"widget\" data-e-type=\"widget\" data-widget_type=\"eael-info-box.default\">\n\t\t\t\t<div class=\"elementor-widget-container\">\n\t\t\t\t\t        <div class=\"eael-infobox icon-on-top\">\n\t            <div class=\"infobox-icon eael-icon-only\">\n\n            \n                            <div class=\"infobox-icon-wrap\">\n                    <i aria-hidden=\"true\" class=\"fas fa-child\"><\/i>                <\/div>\n            \n            \n        <\/div>\n            <div class=\"infobox-content eael-icon-only\">\n                    <div class=\"infobox-title-section\">\n                <h2 class=\"title\">P\u00e9riscolaire<\/h2>            <\/div>\n            <div><p>Directeur P\u00e9riscolaire Feves<\/p><p>GILBERT Bastien<\/p><\/div>        <\/div>\n            <\/div>\n\n\t\t\t\t\t\t<\/div>\n\t\t\t\t<\/div>\n\t\t\t\t<section class=\"elementor-section elementor-inner-section elementor-element elementor-element-b1ab591 elementor-section-boxed elementor-section-height-default elementor-section-height-default\" data-id=\"b1ab591\" data-element_type=\"section\" data-e-type=\"section\">\n\t\t\t\t\t\t<div class=\"elementor-container elementor-column-gap-default\">\n\t\t\t\t\t<div class=\"elementor-column elementor-col-50 elementor-inner-column elementor-element elementor-element-5c2c1fd\" data-id=\"5c2c1fd\" data-element_type=\"column\" data-e-type=\"column\">\n\t\t\t<div class=\"elementor-widget-wrap elementor-element-populated\">\n\t\t\t\t\t\t<div class=\"elementor-element elementor-element-2c7c4b6 eael-infobox-content-align--center eael-infobox-icon-bg-shape-none eael-infobox-icon-hover-bg-shape-none elementor-widget elementor-widget-eael-info-box\" data-id=\"2c7c4b6\" data-element_type=\"widget\" data-e-type=\"widget\" data-widget_type=\"eael-info-box.default\">\n\t\t\t\t<div class=\"elementor-widget-container\">\n\t\t\t\t\t        <div class=\"eael-infobox icon-on-top\">\n\t            <div class=\"infobox-icon eael-icon-only\">\n\n            \n                            <div class=\"infobox-icon-wrap\">\n                    <i aria-hidden=\"true\" class=\"fas fa-mail-bulk\"><\/i>                <\/div>\n            \n            \n        <\/div>\n            <div class=\"infobox-content eael-icon-only\">\n                    <div class=\"infobox-title-section\">\n                <h2 class=\"title\">Contact par mail<\/h2>            <\/div>\n            <div><a href=\"mailto:periscolaire@alys.fr\">periscolaire@alys.fr<\/a>\n<\/div>        <\/div>\n            <\/div>\n\n\t\t\t\t\t\t<\/div>\n\t\t\t\t<\/div>\n\t\t\t\t\t<\/div>\n\t\t<\/div>\n\t\t\t\t<div class=\"elementor-column elementor-col-50 elementor-inner-column elementor-element elementor-element-fdbe8a2\" data-id=\"fdbe8a2\" data-element_type=\"column\" data-e-type=\"column\">\n\t\t\t<div class=\"elementor-widget-wrap elementor-element-populated\">\n\t\t\t\t\t\t<div class=\"elementor-element elementor-element-66115f8 eael-infobox-content-align--center eael-infobox-icon-bg-shape-none eael-infobox-icon-hover-bg-shape-none elementor-widget elementor-widget-eael-info-box\" data-id=\"66115f8\" data-element_type=\"widget\" data-e-type=\"widget\" data-widget_type=\"eael-info-box.default\">\n\t\t\t\t<div class=\"elementor-widget-container\">\n\t\t\t\t\t        <div class=\"eael-infobox icon-on-top\">\n\t            <div class=\"infobox-icon eael-icon-only\">\n\n            \n                            <div class=\"infobox-icon-wrap\">\n                    <i aria-hidden=\"true\" class=\"fas fa-phone-square-alt\"><\/i>                <\/div>\n            \n            \n        <\/div>\n            <div class=\"infobox-content eael-icon-only\">\n                    <div class=\"infobox-title-section\">\n                <h2 class=\"title\">Contact par t\u00e9l\u00e9phone<\/h2>            <\/div>\n            <div><p>06 26 39 43 05<\/p><p>09 87 27 18 38\u00a0<\/p><\/div>        <\/div>\n            <\/div>\n\n\t\t\t\t\t\t<\/div>\n\t\t\t\t<\/div>\n\t\t\t\t\t<\/div>\n\t\t<\/div>\n\t\t\t\t\t<\/div>\n\t\t<\/section>\n\t\t\t\t\t<\/div>\n\t\t<\/div>\n\t\t\t\t\t<\/div>\n\t\t<\/section>\n\t\t\t\t<section class=\"elementor-section elementor-top-section elementor-element elementor-element-fa66118 elementor-section-boxed elementor-section-height-default elementor-section-height-default\" data-id=\"fa66118\" data-element_type=\"section\" data-e-type=\"section\">\n\t\t\t\t\t\t<div class=\"elementor-container elementor-column-gap-default\">\n\t\t\t\t\t<div class=\"elementor-column elementor-col-100 elementor-top-column elementor-element elementor-element-2a31a90\" data-id=\"2a31a90\" data-element_type=\"column\" data-e-type=\"column\">\n\t\t\t<div class=\"elementor-widget-wrap elementor-element-populated\">\n\t\t\t\t\t\t<div class=\"elementor-element elementor-element-ba58ded elementor-widget elementor-widget-heading\" data-id=\"ba58ded\" data-element_type=\"widget\" data-e-type=\"widget\" data-widget_type=\"heading.default\">\n\t\t\t\t<div class=\"elementor-widget-container\">\n\t\t\t\t\t<h2 class=\"elementor-heading-title elementor-size-default\">Derni\u00e8res actualit\u00e9s<\/h2>\t\t\t\t<\/div>\n\t\t\t\t<\/div>\n\t\t\t\t<div class=\"elementor-element elementor-element-880b2a3 elementor-grid-eael-col-4 elementor-grid-tablet-eael-col-2 elementor-grid-mobile-eael-col-1 elementor-widget elementor-widget-eael-post-grid\" data-id=\"880b2a3\" data-element_type=\"widget\" data-e-type=\"widget\" data-settings=\"{&quot;eael_post_grid_columns&quot;:&quot;eael-col-4&quot;,&quot;eael_post_grid_columns_tablet&quot;:&quot;eael-col-2&quot;,&quot;eael_post_grid_columns_mobile&quot;:&quot;eael-col-1&quot;}\" data-widget_type=\"eael-post-grid.default\">\n\t\t\t\t<div class=\"elementor-widget-container\">\n\t\t\t\t\t<div id=\"eael-post-grid-880b2a3\" class=\"eael-post-grid-container\">\n            <div class=\"eael-post-grid eael-post-appender eael-post-appender-880b2a3 eael-post-grid-style-one\" data-layout-mode=\"masonry\"><article class=\"eael-grid-post  eael-post-grid-column eael-pg-post-13519 category-cat_ecole_elem-cat_ecole_mat-cat_mairie-cat_peri\" data-id=\"13519\">\n        <div class=\"eael-grid-post-holder\">\n            <div class=\"eael-grid-post-holder-inner\"><div class=\"eael-entry-wrapper\"><header class=\"eael-entry-header\"><h2 class=\"eael-entry-title\"><a class=\"eael-grid-post-link\" href=\"https:\/\/villagedefeves.fr\/?p=13519\" title=\"Information journ\u00e9e portes ouvertes du 12 Septembre\">Information journ\u00e9e portes ouvertes du 12 Septembre<\/a><\/h2><\/header><div class=\"eael-entry-content\">\n                        <div class=\"eael-grid-post-excerpt\"><p>Vous allez recevoir cette semaine un tract sur la journ\u00e9e...<\/p><a href=\"https:\/\/villagedefeves.fr\/?p=13519\" class=\"eael-post-elements-readmore-btn\">Plus<\/a><\/div>\n                    <\/div><div class=\"eael-entry-footer\"><div class=\"eael-author-avatar\"><a href=\"https:\/\/villagedefeves.fr\/?author=8\"><img alt='Communication' src='https:\/\/secure.gravatar.com\/avatar\/5ca21adbc80ea0b2b0144b0e69b94c41?s=96&#038;d=mm&#038;r=g' srcset='https:\/\/secure.gravatar.com\/avatar\/5ca21adbc80ea0b2b0144b0e69b94c41?s=192&#038;d=mm&#038;r=g 2x' class='avatar avatar-96 photo' height='96' width='96' \/><\/a><\/div><div class=\"eael-entry-meta\"><span class=\"eael-posted-by\"><a href=\"https:\/\/villagedefeves.fr\/?author=8\" title=\"Posts by Communication\" rel=\"author\">Communication<\/a><\/span><span class=\"eael-posted-on\"><time datetime=\"06\/09\/2020\">06\/09\/2020<\/time><\/span><\/div><\/div><\/div><\/div>\n        <\/div>\n    <\/article><\/div>\n            <div class=\"clearfix\"><\/div>\n        <\/div>\t\t\t\t<\/div>\n\t\t\t\t<\/div>\n\t\t\t\t\t<\/div>\n\t\t<\/div>\n\t\t\t\t\t<\/div>\n\t\t<\/section>\n\t\t\t\t<\/div>\n\t\t","protected":false},"excerpt":{"rendered":"<p>Informations Retrouvez toute l&rsquo;actualit\u00e9 p\u00e9riscolaire sur le site d&rsquo;alys P\u00e9riscolaire Directeur P\u00e9riscolaire Feves GILBERT Bastien Contact par mail periscolaire@alys.fr Contact par t\u00e9l\u00e9phone 06 26 39 43 05 09 87 27 18 38\u00a0 Derni\u00e8res actualit\u00e9s Planning accueil du mercredi p\u00e9riscolaire pour le mois d&rsquo;octobre 2021 Plus Communication30\/09\/2021 Inscription p\u00e9riscolaire 2021\/2022 Bient\u00f4t la rentr\u00e9e, inscrivez votre enfant &#8230; <a title=\"Information journ\u00e9e portes ouvertes du 12 Septembre\" class=\"read-more\" href=\"https:\/\/villagedefeves.fr\/?p=13519\" aria-label=\"En savoir plus sur Information journ\u00e9e portes ouvertes du 12 Septembre\">Lire la suite<\/a><\/p>\n","protected":false},"author":1,"featured_media":0,"parent":13120,"menu_order":0,"comment_status":"closed","ping_status":"closed","template":"","meta":{"footnotes":""},"class_list":["post-13123","page","type-page","status-publish","hentry"],"_links":{"self":[{"href":"https:\/\/villagedefeves.fr\/index.php?rest_route=\/wp\/v2\/pages\/13123","targetHints":{"allow":["GET"]}}],"collection":[{"href":"https:\/\/villagedefeves.fr\/index.php?rest_route=\/wp\/v2\/pages"}],"about":[{"href":"https:\/\/villagedefeves.fr\/index.php?rest_route=\/wp\/v2\/types\/page"}],"author":[{"embeddable":true,"href":"https:\/\/villagedefeves.fr\/index.php?rest_route=\/wp\/v2\/users\/1"}],"replies":[{"embeddable":true,"href":"https:\/\/villagedefeves.fr\/index.php?rest_route=%2Fwp%2Fv2%2Fcomments&post=13123"}],"version-history":[{"count":12,"href":"https:\/\/villagedefeves.fr\/index.php?rest_route=\/wp\/v2\/pages\/13123\/revisions"}],"predecessor-version":[{"id":14659,"href":"https:\/\/villagedefeves.fr\/index.php?rest_route=\/wp\/v2\/pages\/13123\/revisions\/14659"}],"up":[{"embeddable":true,"href":"https:\/\/villagedefeves.fr\/index.php?rest_route=\/wp\/v2\/pages\/13120"}],"wp:attachment":[{"href":"https:\/\/villagedefeves.fr\/index.php?rest_route=%2Fwp%2Fv2%2Fmedia&parent=13123"}],"curies":[{"name":"wp","href":"https:\/\/api.w.org\/{rel}","templated":true}]}}