{"id":12944,"date":"2020-06-16T16:28:11","date_gmt":"2020-06-16T14:28:11","guid":{"rendered":"http:\/\/villagedefeves.fr\/efeveswp\/?page_id=12944"},"modified":"2020-06-19T11:28:40","modified_gmt":"2020-06-19T09:28:40","slug":"contact","status":"publish","type":"page","link":"https:\/\/villagedefeves.fr\/?page_id=12944","title":{"rendered":"Contact"},"content":{"rendered":"\t\t<div data-elementor-type=\"wp-page\" data-elementor-id=\"12944\" class=\"elementor elementor-12944\">\n\t\t\t\t\t\t<section class=\"elementor-section elementor-top-section elementor-element elementor-element-a372af7 elementor-section-boxed elementor-section-height-default elementor-section-height-default\" data-id=\"a372af7\" data-element_type=\"section\" data-e-type=\"section\" data-settings=\"{&quot;animation&quot;:&quot;none&quot;}\">\n\t\t\t\t\t\t<div class=\"elementor-container elementor-column-gap-default\">\n\t\t\t\t\t<div class=\"elementor-column elementor-col-100 elementor-top-column elementor-element elementor-element-f1ffe1e\" data-id=\"f1ffe1e\" data-element_type=\"column\" data-e-type=\"column\">\n\t\t\t<div class=\"elementor-widget-wrap elementor-element-populated\">\n\t\t\t\t\t\t<div class=\"elementor-element elementor-element-50362c0 eael-contact-form-7-button-align-left eael-contact-form-7-button-custom elementor-widget elementor-widget-eael-contact-form-7\" data-id=\"50362c0\" data-element_type=\"widget\" data-e-type=\"widget\" data-settings=\"{&quot;_animation&quot;:&quot;none&quot;}\" data-widget_type=\"eael-contact-form-7.default\">\n\t\t\t\t<div class=\"elementor-widget-container\">\n\t\t\t\t\t<div class=\"eael-contact-form-7-wrapper\">\n                <div class=\"eael-contact-form eael-contact-form-7 eael-contact-form-50362c0 placeholder-show eael-custom-radio-checkbox eael-contact-form-align-default\">\n<div class=\"wpcf7 no-js\" id=\"wpcf7-f12940-o1\" lang=\"fr-FR\" dir=\"ltr\" data-wpcf7-id=\"12940\">\n<div class=\"screen-reader-response\"><p role=\"status\" aria-live=\"polite\" aria-atomic=\"true\"><\/p> <ul><\/ul><\/div>\n<form action=\"\/index.php?rest_route=%2Fwp%2Fv2%2Fpages%2F12944#wpcf7-f12940-o1\" method=\"post\" class=\"wpcf7-form init\" aria-label=\"Formulaire de contact\" novalidate=\"novalidate\" data-status=\"init\">\n<fieldset class=\"hidden-fields-container\"><input type=\"hidden\" name=\"_wpcf7\" value=\"12940\" \/><input type=\"hidden\" name=\"_wpcf7_version\" value=\"6.1.5\" \/><input type=\"hidden\" name=\"_wpcf7_locale\" value=\"fr_FR\" \/><input type=\"hidden\" name=\"_wpcf7_unit_tag\" value=\"wpcf7-f12940-o1\" \/><input type=\"hidden\" name=\"_wpcf7_container_post\" value=\"0\" \/><input type=\"hidden\" name=\"_wpcf7_posted_data_hash\" value=\"\" \/>\n<\/fieldset>\n<p><label> Votre nom (obligatoire)<br \/>\n<span class=\"wpcf7-form-control-wrap\" data-name=\"your-name\"><input size=\"40\" maxlength=\"400\" class=\"wpcf7-form-control wpcf7-text wpcf7-validates-as-required\" aria-required=\"true\" aria-invalid=\"false\" value=\"\" type=\"text\" name=\"your-name\" \/><\/span> <\/label>\n<\/p>\n<p><label> Votre adresse de messagerie (obligatoire)<br \/>\n<span class=\"wpcf7-form-control-wrap\" data-name=\"your-email\"><input size=\"40\" maxlength=\"400\" class=\"wpcf7-form-control wpcf7-email wpcf7-validates-as-required wpcf7-text wpcf7-validates-as-email\" aria-required=\"true\" aria-invalid=\"false\" value=\"\" type=\"email\" name=\"your-email\" \/><\/span> <\/label>\n<\/p>\n<p><label> Qui voulez vous contacter ?<br \/>\n<span class=\"wpcf7-form-control-wrap\" data-name=\"your-contact\"><select class=\"wpcf7-form-control wpcf7-select\" aria-invalid=\"false\" name=\"your-contact\"><option value=\"Secr\u00e9taire de mairie\">Secr\u00e9taire de mairie<\/option><option value=\"Administrateur du site\">Administrateur du site<\/option><\/select><\/span><br \/>\n<\/label>\n<\/p>\n<p><label> Sujet<br \/>\n<span class=\"wpcf7-form-control-wrap\" data-name=\"your-subject\"><select class=\"wpcf7-form-control wpcf7-select\" aria-invalid=\"false\" name=\"your-subject\"><option value=\"Formulaires administratifs\">Formulaires administratifs<\/option><option value=\"Probl\u00e8mes dans le village\">Probl\u00e8mes dans le village<\/option><option value=\"Salle des f\u00eates\">Salle des f\u00eates<\/option><option value=\"Associations\">Associations<\/option><option value=\"Autres\">Autres<\/option><\/select><\/span><br \/>\n<\/label>\n<\/p>\n<p><label> Votre message<br \/>\n<span class=\"wpcf7-form-control-wrap\" data-name=\"your-message\"><textarea cols=\"40\" rows=\"10\" maxlength=\"2000\" class=\"wpcf7-form-control wpcf7-textarea\" aria-invalid=\"false\" name=\"your-message\"><\/textarea><\/span> <\/label>\n<\/p>\n<p><input type=\"hidden\" name=\"_wpcf7_captcha_challenge_your-captcha\" value=\"2525255616\" \/><img decoding=\"async\" class=\"wpcf7-form-control wpcf7-captchac wpcf7-captcha-your-captcha\" width=\"72\" height=\"24\" alt=\"captcha\" src=\"https:\/\/villagedefeves.fr\/wordpress\/wp-content\/uploads\/wpcf7_captcha\/2525255616.png\" \/><br \/>\n<label>Enter the code: <span class=\"wpcf7-form-control-wrap\" data-name=\"your-captcha\"><input size=\"40\" class=\"wpcf7-form-control wpcf7-captchar\" autocomplete=\"off\" aria-invalid=\"false\" value=\"\" type=\"text\" name=\"your-captcha\" \/><\/span><\/label>\n<\/p>\n<p><input class=\"wpcf7-form-control wpcf7-submit has-spinner\" type=\"submit\" value=\"Envoyer\" \/>\n<\/p><div class=\"wpcf7-response-output\" aria-hidden=\"true\"><\/div>\n<\/form>\n<\/div>\n<\/div>\n            <\/div>\t\t\t\t<\/div>\n\t\t\t\t<\/div>\n\t\t\t\t\t<\/div>\n\t\t<\/div>\n\t\t\t\t\t<\/div>\n\t\t<\/section>\n\t\t\t\t<\/div>\n\t\t","protected":false},"excerpt":{"rendered":"<p>Votre nom (obligatoire) Votre adresse de messagerie (obligatoire) Qui voulez vous contacter ? Secr\u00e9taire de mairieAdministrateur du site Sujet Formulaires administratifsProbl\u00e8mes dans le villageSalle des f\u00eatesAssociationsAutres Votre message Enter the code:<\/p>\n","protected":false},"author":1,"featured_media":0,"parent":0,"menu_order":0,"comment_status":"closed","ping_status":"closed","template":"","meta":{"footnotes":""},"class_list":["post-12944","page","type-page","status-publish"],"_links":{"self":[{"href":"https:\/\/villagedefeves.fr\/index.php?rest_route=\/wp\/v2\/pages\/12944","targetHints":{"allow":["GET"]}}],"collection":[{"href":"https:\/\/villagedefeves.fr\/index.php?rest_route=\/wp\/v2\/pages"}],"about":[{"href":"https:\/\/villagedefeves.fr\/index.php?rest_route=\/wp\/v2\/types\/page"}],"author":[{"embeddable":true,"href":"https:\/\/villagedefeves.fr\/index.php?rest_route=\/wp\/v2\/users\/1"}],"replies":[{"embeddable":true,"href":"https:\/\/villagedefeves.fr\/index.php?rest_route=%2Fwp%2Fv2%2Fcomments&post=12944"}],"version-history":[{"count":4,"href":"https:\/\/villagedefeves.fr\/index.php?rest_route=\/wp\/v2\/pages\/12944\/revisions"}],"predecessor-version":[{"id":13077,"href":"https:\/\/villagedefeves.fr\/index.php?rest_route=\/wp\/v2\/pages\/12944\/revisions\/13077"}],"wp:attachment":[{"href":"https:\/\/villagedefeves.fr\/index.php?rest_route=%2Fwp%2Fv2%2Fmedia&parent=12944"}],"curies":[{"name":"wp","href":"https:\/\/api.w.org\/{rel}","templated":true}]}}